{"id":2299,"date":"2025-03-03T15:49:47","date_gmt":"2025-03-03T13:49:47","guid":{"rendered":"https:\/\/www.doktorikool.ee\/?page_id=2299"},"modified":"2025-04-23T22:43:22","modified_gmt":"2025-04-23T19:43:22","slug":"meedia","status":"publish","type":"page","link":"https:\/\/www.doktorikool.ee\/en\/meedia\/","title":{"rendered":"Media"},"content":{"rendered":"<div style=\"height:80px\" aria-hidden=\"true\" class=\"wp-block-spacer\"><\/div>\n\n\n\n<div class=\"wp-block-columns is-layout-flex wp-container-core-columns-is-layout-28f84493 wp-block-columns-is-layout-flex\">\n<div class=\"wp-block-column is-vertically-aligned-center is-layout-flow wp-block-column-is-layout-flow\" style=\"flex-basis:33.33%\">\n<figure class=\"wp-block-embed is-type-video is-provider-youtube wp-block-embed-youtube wp-embed-aspect-16-9 wp-has-aspect-ratio\"><div class=\"wp-block-embed__wrapper\">\n<iframe loading=\"lazy\" title=\"Teadmussiirdedoktorantuuri info\u00fcritus 2025 kevad\" width=\"500\" height=\"281\" src=\"https:\/\/www.youtube.com\/embed\/A82IZ5AtuiE?feature=oembed\" frameborder=\"0\" allow=\"accelerometer; autoplay; clipboard-write; encrypted-media; gyroscope; picture-in-picture; web-share\" referrerpolicy=\"strict-origin-when-cross-origin\" allowfullscreen><\/iframe>\n<\/div><figcaption class=\"wp-element-caption\">The recording is in Estonian. 22 April 2025<\/figcaption><\/figure>\n<\/div>\n\n\n\n<div class=\"wp-block-column is-layout-flow wp-block-column-is-layout-flow\" style=\"flex-basis:66.66%\">\n<h2 class=\"wp-block-heading\">Connect Your Everyday Work with an Industrial PhD <\/h2>\n\n\n\n<p>An Overview of Industrial PhD Programmes in Estonian Universities.<\/p>\n<\/div>\n<\/div>\n\n\n\n<div style=\"height:47px\" aria-hidden=\"true\" class=\"wp-block-spacer\"><\/div>\n\n\n\n<div class=\"wp-block-columns is-layout-flex wp-container-core-columns-is-layout-28f84493 wp-block-columns-is-layout-flex\">\n<div class=\"wp-block-column is-layout-flow wp-block-column-is-layout-flow\" style=\"flex-basis:66.66%\">\n<h2 class=\"wp-block-heading has-text-align-right\">Estonian Doctoral School helps enhance doctoral students\u2019 professional and general skills and supports supervisors<\/h2>\n\n\n\n<p class=\"has-text-align-right\">The Estonian Doctoral School has received a lot of good feedback after its first year of activity from partner universities, doctoral students and supervisors. Besides various events, the support provided by the doctoral school for including international opponents and organising short-term mobility is particularly appreciated.<\/p>\n\n\n\n<div class=\"wp-block-group has-global-padding is-content-justification-right is-layout-constrained wp-container-core-group-is-layout-7bd3503d wp-block-group-is-layout-constrained\">\n<div class=\"wp-block-buttons alignwide is-content-justification-right is-layout-flex wp-container-core-buttons-is-layout-c133f063 wp-block-buttons-is-layout-flex\">\n<div class=\"wp-block-button is-style-fill\"><a class=\"wp-block-button__link wp-element-button\" href=\"https:\/\/ut.ee\/en\/news\/estonian-doctoral-school-helps-enhance-doctoral-students-professional-and-general-skills-and\" target=\"_blank\" rel=\"noreferrer noopener\"><strong>Read the article HERE<\/strong><\/a><\/div>\n<\/div>\n<\/div>\n<\/div>\n\n\n\n<div class=\"wp-block-column is-vertically-aligned-center is-layout-flow wp-block-column-is-layout-flow\" style=\"flex-basis:33.33%\">\n<figure class=\"wp-block-image aligncenter size-large is-resized is-style-rounded is-style-rounded--1\"><img loading=\"lazy\" decoding=\"async\" width=\"1024\" height=\"683\" src=\"https:\/\/www.doktorikool.ee\/wp-content\/uploads\/2025\/03\/UT250211AT099-1024x683.jpg\" alt=\"\" class=\"wp-image-2489\" style=\"aspect-ratio:0.75;object-fit:cover;width:218px;height:auto\" srcset=\"https:\/\/www.doktorikool.ee\/wp-content\/uploads\/2025\/03\/UT250211AT099-1024x683.jpg 1024w, https:\/\/www.doktorikool.ee\/wp-content\/uploads\/2025\/03\/UT250211AT099-300x200.jpg 300w, https:\/\/www.doktorikool.ee\/wp-content\/uploads\/2025\/03\/UT250211AT099-768x512.jpg 768w, https:\/\/www.doktorikool.ee\/wp-content\/uploads\/2025\/03\/UT250211AT099-1536x1024.jpg 1536w, https:\/\/www.doktorikool.ee\/wp-content\/uploads\/2025\/03\/UT250211AT099-2048x1365.jpg 2048w, https:\/\/www.doktorikool.ee\/wp-content\/uploads\/2025\/03\/UT250211AT099-18x12.jpg 18w\" sizes=\"auto, (max-width: 1024px) 100vw, 1024px\" \/><\/figure>\n<\/div>\n<\/div>\n\n\n\n<div style=\"height:59px\" aria-hidden=\"true\" class=\"wp-block-spacer\"><\/div>\n\n\n\n<div class=\"wp-block-columns is-layout-flex wp-container-core-columns-is-layout-28f84493 wp-block-columns-is-layout-flex\">\n<div class=\"wp-block-column is-vertically-aligned-center is-layout-flow wp-block-column-is-layout-flow\" style=\"flex-basis:33.33%\">\n<figure class=\"wp-block-image aligncenter size-large is-resized is-style-rounded is-style-rounded--2\"><img loading=\"lazy\" decoding=\"async\" width=\"1024\" height=\"683\" src=\"https:\/\/www.doktorikool.ee\/wp-content\/uploads\/2025\/02\/13-1-1024x683.jpg\" alt=\"\" class=\"wp-image-2235\" style=\"aspect-ratio:0.75;object-fit:cover;width:218px;height:auto\" srcset=\"https:\/\/www.doktorikool.ee\/wp-content\/uploads\/2025\/02\/13-1-1024x683.jpg 1024w, https:\/\/www.doktorikool.ee\/wp-content\/uploads\/2025\/02\/13-1-300x200.jpg 300w, https:\/\/www.doktorikool.ee\/wp-content\/uploads\/2025\/02\/13-1-768x512.jpg 768w, https:\/\/www.doktorikool.ee\/wp-content\/uploads\/2025\/02\/13-1-1536x1024.jpg 1536w, https:\/\/www.doktorikool.ee\/wp-content\/uploads\/2025\/02\/13-1-2048x1366.jpg 2048w, https:\/\/www.doktorikool.ee\/wp-content\/uploads\/2025\/02\/13-1-18x12.jpg 18w\" sizes=\"auto, (max-width: 1024px) 100vw, 1024px\" \/><\/figure>\n<\/div>\n\n\n\n<div class=\"wp-block-column is-layout-flow wp-block-column-is-layout-flow\" style=\"flex-basis:66.66%\">\n<h2 class=\"wp-block-heading\">Five superpowers that doctoral studies will develop in you<\/h2>\n\n\n\n<p>Doctoral studies offer the chance to become an expert in a narrow field while also developing the skills of making connections and the ability to process information, manage challenging projects, learn from criticism, and, at the same time, manage time efficiently.<\/p>\n\n\n\n<div class=\"wp-block-group has-global-padding is-content-justification-left is-layout-constrained wp-container-core-group-is-layout-9fe8ed88 wp-block-group-is-layout-constrained\">\n<div class=\"wp-block-buttons alignwide is-content-justification-left is-layout-flex wp-container-core-buttons-is-layout-6a42c07d wp-block-buttons-is-layout-flex\">\n<div class=\"wp-block-button is-style-fill\"><a class=\"wp-block-button__link has-text-align-left wp-element-button\" href=\"https:\/\/ut.ee\/en\/news\/five-superpowers-doctoral-studies-will-develop-you\" target=\"_blank\" rel=\"noreferrer noopener\"><strong>Read the article HERE<\/strong><\/a><\/div>\n<\/div>\n<\/div>\n<\/div>\n<\/div>\n\n\n\n<div style=\"height:60px\" aria-hidden=\"true\" class=\"wp-block-spacer\"><\/div>\n\n\n\n<div class=\"wp-block-columns is-layout-flex wp-container-core-columns-is-layout-28f84493 wp-block-columns-is-layout-flex\">\n<div class=\"wp-block-column is-layout-flow wp-block-column-is-layout-flow\" style=\"flex-basis:66.66%\">\n<h2 class=\"wp-block-heading has-text-align-right\">Young Researchers: Degree Aside, Doctoral Studies Provide Essential Skills<\/h2>\n\n\n\n<p class=\"has-text-align-right\">All panelists agreed that pursuing a PhD has personally benefited them, and none have ever felt the need to downplay it.\nThe article is written in Estonian.<\/p>\n\n\n\n<div class=\"wp-block-group has-global-padding is-content-justification-right is-layout-constrained wp-container-core-group-is-layout-7bd3503d wp-block-group-is-layout-constrained\">\n<div class=\"wp-block-buttons alignwide is-content-justification-right is-layout-flex wp-container-core-buttons-is-layout-c133f063 wp-block-buttons-is-layout-flex\">\n<div class=\"wp-block-button is-style-fill\"><a class=\"wp-block-button__link wp-element-button\" href=\"https:\/\/novaator.err.ee\/1609614836\/noorteadlased-kraad-kraadiks-doktoriope-annab-olulisi-oskusi\" target=\"_blank\" rel=\"noreferrer noopener\"><strong>Read the article HERE<\/strong><\/a><\/div>\n<\/div>\n<\/div>\n<\/div>\n\n\n\n<div class=\"wp-block-column is-vertically-aligned-center is-layout-flow wp-block-column-is-layout-flow\" style=\"flex-basis:33.33%\">\n<figure class=\"wp-block-image aligncenter size-large is-resized is-style-rounded is-style-rounded--3\"><img loading=\"lazy\" decoding=\"async\" width=\"1024\" height=\"683\" src=\"https:\/\/www.doktorikool.ee\/wp-content\/uploads\/2025\/04\/kodulehele-1024x683.jpeg\" alt=\"\" class=\"wp-image-2743\" style=\"aspect-ratio:0.75;object-fit:cover;width:192px;height:auto\" srcset=\"https:\/\/www.doktorikool.ee\/wp-content\/uploads\/2025\/04\/kodulehele-1024x683.jpeg 1024w, https:\/\/www.doktorikool.ee\/wp-content\/uploads\/2025\/04\/kodulehele-300x200.jpeg 300w, https:\/\/www.doktorikool.ee\/wp-content\/uploads\/2025\/04\/kodulehele-768x512.jpeg 768w, https:\/\/www.doktorikool.ee\/wp-content\/uploads\/2025\/04\/kodulehele-1536x1024.jpeg 1536w, https:\/\/www.doktorikool.ee\/wp-content\/uploads\/2025\/04\/kodulehele-2048x1365.jpeg 2048w, https:\/\/www.doktorikool.ee\/wp-content\/uploads\/2025\/04\/kodulehele-18x12.jpeg 18w\" sizes=\"auto, (max-width: 1024px) 100vw, 1024px\" \/><\/figure>\n<\/div>\n<\/div>\n\n\n\n<div style=\"height:73px\" aria-hidden=\"true\" class=\"wp-block-spacer\"><\/div>\n\n\n\n<div class=\"wp-block-columns is-layout-flex wp-container-core-columns-is-layout-28f84493 wp-block-columns-is-layout-flex\">\n<div class=\"wp-block-column is-vertically-aligned-center is-layout-flow wp-block-column-is-layout-flow\" style=\"flex-basis:33.33%\">\n<figure class=\"wp-block-image aligncenter size-large is-resized is-style-rounded is-style-rounded--4\"><img loading=\"lazy\" decoding=\"async\" width=\"1024\" height=\"576\" src=\"https:\/\/www.doktorikool.ee\/wp-content\/uploads\/2025\/03\/UT241002AT0533-1024x576.jpg\" alt=\"\" class=\"wp-image-2464\" style=\"aspect-ratio:0.75;object-fit:cover;width:218px;height:auto\" srcset=\"https:\/\/www.doktorikool.ee\/wp-content\/uploads\/2025\/03\/UT241002AT0533-1024x576.jpg 1024w, https:\/\/www.doktorikool.ee\/wp-content\/uploads\/2025\/03\/UT241002AT0533-300x169.jpg 300w, https:\/\/www.doktorikool.ee\/wp-content\/uploads\/2025\/03\/UT241002AT0533-768x432.jpg 768w, https:\/\/www.doktorikool.ee\/wp-content\/uploads\/2025\/03\/UT241002AT0533-18x10.jpg 18w, https:\/\/www.doktorikool.ee\/wp-content\/uploads\/2025\/03\/UT241002AT0533.jpg 1280w\" sizes=\"auto, (max-width: 1024px) 100vw, 1024px\" \/><\/figure>\n<\/div>\n\n\n\n<div class=\"wp-block-column is-layout-flow wp-block-column-is-layout-flow\" style=\"flex-basis:66.66%\">\n<h2 class=\"wp-block-heading\">Doctoral studies are preparation for becoming top-level professionals or managers<\/h2>\n\n\n\n<p>On 11 February, the University of Tartu Library hosts the Estonian Doctoral School\u2019s career conference&nbsp;<a href=\"https:\/\/www.doktorikool.ee\/en\/karjaarikonverents\/karjaarikonverents-2025\/\" target=\"_blank\" rel=\"noreferrer noopener\">\u201cThe value of a doctoral degree on the job market\u201d<\/a>where top professionals with a doctoral degree and current doctoral students discuss the added value of doctoral studies.<\/p>\n\n\n\n<div class=\"wp-block-group has-global-padding is-content-justification-left is-layout-constrained wp-container-core-group-is-layout-9fe8ed88 wp-block-group-is-layout-constrained\">\n<div class=\"wp-block-buttons alignwide is-content-justification-left is-layout-flex wp-container-core-buttons-is-layout-6a42c07d wp-block-buttons-is-layout-flex\">\n<div class=\"wp-block-button is-style-fill\"><a class=\"wp-block-button__link has-text-align-left wp-element-button\" href=\"https:\/\/ut.ee\/en\/news\/doctoral-studies-are-preparation-becoming-top-level-professionals-or-managers\" target=\"_blank\" rel=\"noreferrer noopener\"><strong>Read the article HERE<\/strong><\/a><\/div>\n<\/div>\n<\/div>\n<\/div>\n<\/div>\n\n\n\n<div style=\"height:67px\" aria-hidden=\"true\" class=\"wp-block-spacer\"><\/div>\n\n\n\n<p><\/p>","protected":false},"excerpt":{"rendered":"<p>\u00dchenda oma igap\u00e4evat\u00f6\u00f6 teadmussiirdedoktorantuuriga Teadmussiirdedoktorantuurist Eesti \u00fclikoolides. Eesti doktorikool h\u00f5lbustab doktorantide eriala- ja \u00fcldoskuste arendamist ning toetab juhendajaid Eesti doktorikool on esimese tegevusaasta j\u00e4rel saanud partner\u00fclikoolidelt, doktorantidelt ja juhendajatelt rohkesti [&hellip;]<\/p>\n","protected":false},"author":2,"featured_media":0,"parent":0,"menu_order":0,"comment_status":"closed","ping_status":"closed","template":"","meta":{"inline_featured_image":false,"_EventAllDay":false,"_EventTimezone":"","_EventStartDate":"","_EventEndDate":"","_EventStartDateUTC":"","_EventEndDateUTC":"","_EventShowMap":false,"_EventShowMapLink":false,"_EventURL":"","_EventCost":"","_EventCostDescription":"","_EventCurrencySymbol":"","_EventCurrencyCode":"","_EventCurrencyPosition":"","_EventDateTimeSeparator":"","_EventTimeRangeSeparator":"","_EventOrganizerID":[],"_EventVenueID":[],"_OrganizerEmail":"","_OrganizerPhone":"","_OrganizerWebsite":"","_VenueAddress":"","_VenueCity":"","_VenueCountry":"","_VenueProvince":"","_VenueState":"","_VenueZip":"","_VenuePhone":"","_VenueURL":"","_VenueStateProvince":"","_VenueLat":"","_VenueLng":"","_VenueShowMap":false,"_VenueShowMapLink":false,"footnotes":""},"class_list":["post-2299","page","type-page","status-publish","hentry"],"_links":{"self":[{"href":"https:\/\/www.doktorikool.ee\/en\/wp-json\/wp\/v2\/pages\/2299","targetHints":{"allow":["GET"]}}],"collection":[{"href":"https:\/\/www.doktorikool.ee\/en\/wp-json\/wp\/v2\/pages"}],"about":[{"href":"https:\/\/www.doktorikool.ee\/en\/wp-json\/wp\/v2\/types\/page"}],"author":[{"embeddable":true,"href":"https:\/\/www.doktorikool.ee\/en\/wp-json\/wp\/v2\/users\/2"}],"replies":[{"embeddable":true,"href":"https:\/\/www.doktorikool.ee\/en\/wp-json\/wp\/v2\/comments?post=2299"}],"version-history":[{"count":34,"href":"https:\/\/www.doktorikool.ee\/en\/wp-json\/wp\/v2\/pages\/2299\/revisions"}],"predecessor-version":[{"id":3005,"href":"https:\/\/www.doktorikool.ee\/en\/wp-json\/wp\/v2\/pages\/2299\/revisions\/3005"}],"wp:attachment":[{"href":"https:\/\/www.doktorikool.ee\/en\/wp-json\/wp\/v2\/media?parent=2299"}],"curies":[{"name":"wp","href":"https:\/\/api.w.org\/{rel}","templated":true}]}}