{"id":3165,"date":"2025-07-15T10:52:27","date_gmt":"2025-07-15T07:52:27","guid":{"rendered":"https:\/\/www.doktorikool.ee\/?page_id=3165"},"modified":"2025-07-15T11:49:55","modified_gmt":"2025-07-15T08:49:55","slug":"juhendajate-meistriklassid","status":"publish","type":"page","link":"https:\/\/www.doktorikool.ee\/en\/juhendajate-meistriklassid\/","title":{"rendered":"Juhendajate meistriklassid"},"content":{"rendered":"<p>Meistriklassid on Eesti doktorikooli koolitusprogrammi osa, mis pakub s\u00fcvendatud ja praktilist tuge doktorantide juhendajatele k\u00f5igist teadusvaldkondadest.<\/p>\n\n\n\n<p>Need koolitused on loodud selleks, et arendada juhendamisoskusi, pakkuda uusi t\u00f6\u00f6v\u00f5tteid ning toetada teadusliku juhendamise kvaliteeti ja tulemuslikkust. Meistriklassid k\u00e4sitlevad erinevaid teemasid, alates ootuste ja rollide selgest kokkuleppimisest kuni keerukate juhendamissituatsioonide, tagasiside andmise ja juhendatava iseseisvuse toetamiseni.<\/p>\n\n\n\n<p>Juhendajate meistriklassid v\u00f5ivad toimuda eri formaadis\u202f\u2013 l\u00fchikeste veebikoolitustena v\u00f5i p\u00f5hjalikumate kohapealsete t\u00f6\u00f6tubadena. Neid viivad l\u00e4bi silmapaistvad spetsialistid ja tunnustatud eksperdid, kellel on laialdane kogemus ja akadeemiline maine nii Eestis kui rahvusvaheliselt.<\/p>\n\n\n\n<p>Osalejad saavad v\u00f5imaluse \u00f5ppida parimatelt, arutada juhendamise v\u00e4ljakutseid kolleegidega teistest \u00fclikoolidest ning viia oma juhendamispraktika uuele tasemele.<\/p>\n\n\n\n<div class=\"wp-block-columns is-layout-flex wp-container-core-columns-is-layout-28f84493 wp-block-columns-is-layout-flex\">\n<div class=\"wp-block-column is-layout-flow wp-block-column-is-layout-flow\">\n<p><strong>Eelseisvad meistriklassid<\/strong>:<\/p>\n\n\n\n<p><strong>10.10.2025<\/strong> <a href=\"https:\/\/www.doktorikool.ee\/en\/uritused\/doktorandi-juhendamine-meetodid-ja-toovahendid\/\">Doctoral Supervision: Methods and Tools<\/a> (veebikoolitus)<\/p>\n\n\n\n<p><strong>04.12.2025 &#8211; 05.12.2025<\/strong> <a href=\"https:\/\/www.doktorikool.ee\/en\/uritused\/doktorandi-juhendamine-meetodid-ja-toovahendid-2\/\">Doctoral Supervision: Methods and Tools<\/a> (kahep\u00e4evane koolitus Tallinnas)<\/p>\n<\/div>\n\n\n\n<div class=\"wp-block-column is-layout-flow wp-block-column-is-layout-flow\">\n<p><strong>Toimunud meistriklassid<\/strong>:<\/p>\n<\/div>\n<\/div>\n\n\n\n<figure class=\"wp-block-image aligncenter size-large wp-duotone-unset-1\"><img decoding=\"async\" src=\"https:\/\/www.doktorikool.ee\/wp-content\/uploads\/2025\/07\/tere2-1024x282.png\" alt=\"\" class=\"wp-image-3176\"\/><\/figure>\n\n\n\n<div style=\"height:58px\" aria-hidden=\"true\" class=\"wp-block-spacer\"><\/div>","protected":false},"excerpt":{"rendered":"<p>Meistriklassid on Eesti doktorikooli koolitusprogrammi osa, mis pakub s\u00fcvendatud ja praktilist tuge doktorantide juhendajatele k\u00f5igist teadusvaldkondadest. Need koolitused on loodud selleks, et arendada juhendamisoskusi, pakkuda uusi t\u00f6\u00f6v\u00f5tteid ning toetada teadusliku [&hellip;]<\/p>\n","protected":false},"author":2,"featured_media":0,"parent":0,"menu_order":0,"comment_status":"closed","ping_status":"closed","template":"","meta":{"inline_featured_image":false,"_EventAllDay":false,"_EventTimezone":"","_EventStartDate":"","_EventEndDate":"","_EventStartDateUTC":"","_EventEndDateUTC":"","_EventShowMap":false,"_EventShowMapLink":false,"_EventURL":"","_EventCost":"","_EventCostDescription":"","_EventCurrencySymbol":"","_EventCurrencyCode":"","_EventCurrencyPosition":"","_EventDateTimeSeparator":"","_EventTimeRangeSeparator":"","_EventOrganizerID":[],"_EventVenueID":[],"_OrganizerEmail":"","_OrganizerPhone":"","_OrganizerWebsite":"","_VenueAddress":"","_VenueCity":"","_VenueCountry":"","_VenueProvince":"","_VenueState":"","_VenueZip":"","_VenuePhone":"","_VenueURL":"","_VenueStateProvince":"","_VenueLat":"","_VenueLng":"","_VenueShowMap":false,"_VenueShowMapLink":false,"footnotes":""},"class_list":["post-3165","page","type-page","status-publish","hentry"],"_links":{"self":[{"href":"https:\/\/www.doktorikool.ee\/en\/wp-json\/wp\/v2\/pages\/3165","targetHints":{"allow":["GET"]}}],"collection":[{"href":"https:\/\/www.doktorikool.ee\/en\/wp-json\/wp\/v2\/pages"}],"about":[{"href":"https:\/\/www.doktorikool.ee\/en\/wp-json\/wp\/v2\/types\/page"}],"author":[{"embeddable":true,"href":"https:\/\/www.doktorikool.ee\/en\/wp-json\/wp\/v2\/users\/2"}],"replies":[{"embeddable":true,"href":"https:\/\/www.doktorikool.ee\/en\/wp-json\/wp\/v2\/comments?post=3165"}],"version-history":[{"count":6,"href":"https:\/\/www.doktorikool.ee\/en\/wp-json\/wp\/v2\/pages\/3165\/revisions"}],"predecessor-version":[{"id":3203,"href":"https:\/\/www.doktorikool.ee\/en\/wp-json\/wp\/v2\/pages\/3165\/revisions\/3203"}],"wp:attachment":[{"href":"https:\/\/www.doktorikool.ee\/en\/wp-json\/wp\/v2\/media?parent=3165"}],"curies":[{"name":"wp","href":"https:\/\/api.w.org\/{rel}","templated":true}]}}