{"id":693,"date":"2024-08-30T16:36:22","date_gmt":"2024-08-30T13:36:22","guid":{"rendered":"https:\/\/www.doktorikool.ee\/?page_id=693"},"modified":"2025-08-28T12:01:49","modified_gmt":"2025-08-28T09:01:49","slug":"arsti-ja-terviseteadused-veterinaaria","status":"publish","type":"page","link":"https:\/\/www.doktorikool.ee\/en\/valdkondlikud-harud\/arsti-ja-terviseteadused-veterinaaria\/","title":{"rendered":"Medical and Health Sciences, Veterinary Medicine"},"content":{"rendered":"<div style=\"height:7px\" aria-hidden=\"true\" class=\"wp-block-spacer\"><\/div>\n\n\n\n<p><strong>Estonian Doctoral School for Medical and Health Sciences, Veterinary Medicine <\/strong>brings together doctoral researchers and advanced master\u2019s students from four Estonian universities \u2013 University of Tartu, Tallinn University, Tallinn University of Technology, and Estonian University of Life Sciences.<\/p>\n\n\n\n<div class=\"wp-block-columns is-layout-flex wp-container-core-columns-is-layout-28f84493 wp-block-columns-is-layout-flex\">\n<div class=\"wp-block-column is-layout-flow wp-block-column-is-layout-flow\">\n<p>Our aim is to strengthen the quality of research and to connect doctoral candidates with their supervisors. This section supports doctoral researchers in their disciplinary training, the development of transferable skills, and the progress of their dissertations. We also foster inter-university collaboration and the growth of international networks by inviting experts to Estonia and broadening the academic horizons of our doctoral students. To this end, we organize writing retreats, seminars, workshops, conferences, and training courses. Among our initiatives have been inspiring seminars such as \u201cOpportunities of Artificial Intelligence in Medicine\u201d and practice-oriented research days like \u201cNavigating the Research Landscape as a Doctoral Researcher: A Conscious Approach.\u201d<\/p>\n<\/div>\n\n\n\n<div class=\"wp-block-column is-layout-flow wp-block-column-is-layout-flow\">\n<figure class=\"wp-block-image aligncenter size-large is-resized\"><img loading=\"lazy\" decoding=\"async\" width=\"1024\" height=\"683\" src=\"https:\/\/www.doktorikool.ee\/wp-content\/uploads\/2025\/04\/UT241010AT121-1024x683.jpg\" alt=\"\" class=\"wp-image-2772\" style=\"width:901px;height:auto\" srcset=\"https:\/\/www.doktorikool.ee\/wp-content\/uploads\/2025\/04\/UT241010AT121-1024x683.jpg 1024w, https:\/\/www.doktorikool.ee\/wp-content\/uploads\/2025\/04\/UT241010AT121-300x200.jpg 300w, https:\/\/www.doktorikool.ee\/wp-content\/uploads\/2025\/04\/UT241010AT121-768x512.jpg 768w, https:\/\/www.doktorikool.ee\/wp-content\/uploads\/2025\/04\/UT241010AT121-1536x1025.jpg 1536w, https:\/\/www.doktorikool.ee\/wp-content\/uploads\/2025\/04\/UT241010AT121-18x12.jpg 18w, https:\/\/www.doktorikool.ee\/wp-content\/uploads\/2025\/04\/UT241010AT121.jpg 2048w\" sizes=\"auto, (max-width: 1024px) 100vw, 1024px\" \/><figcaption class=\"wp-element-caption\"><em>In the photo: Faculty of Medicine Anniversary Conference 2024<\/em><\/figcaption><\/figure>\n<\/div>\n<\/div>\n\n\n\n<p class=\"has-text-align-left\"><strong>Research council<\/strong><\/p>\n\n\n\n<ul class=\"wp-block-list\">\n<li>University of Tartu (lead partner) \u2013 Aavo Lang<\/li>\n\n\n\n<li>Tallinn University \u2013 Ruth Simmo, Aleksander Pulver<\/li>\n\n\n\n<li>Tallinn University of Technology \u2013 Ivo Fridolin<\/li>\n\n\n\n<li>Estonian University of Life Science \u2013 Andres Valdmann, Julia Jeremejeva<\/li>\n<\/ul>\n\n\n\n<div style=\"height:325px\" aria-hidden=\"true\" class=\"wp-block-spacer\"><\/div>","protected":false},"excerpt":{"rendered":"<p>Doktorikooli arsti- ja terviseteaduste ning veterinaaria haru koondab doktori- ja edasij\u00f5udnud magistri\u00f5ppe tudengeid neljast Eesti \u00fclikoolist \u2013 Tartu \u00dclikoolist, Tallinna \u00dclikoolist, Tallinna Tehnika\u00fclikoolist ja Eesti Maa\u00fclikoolist. Meie eesm\u00e4rk on kasvatada [&hellip;]<\/p>\n","protected":false},"author":1,"featured_media":0,"parent":526,"menu_order":0,"comment_status":"closed","ping_status":"closed","template":"","meta":{"inline_featured_image":false,"_EventAllDay":false,"_EventTimezone":"","_EventStartDate":"","_EventEndDate":"","_EventStartDateUTC":"","_EventEndDateUTC":"","_EventShowMap":false,"_EventShowMapLink":false,"_EventURL":"","_EventCost":"","_EventCostDescription":"","_EventCurrencySymbol":"","_EventCurrencyCode":"","_EventCurrencyPosition":"","_EventDateTimeSeparator":"","_EventTimeRangeSeparator":"","_EventOrganizerID":[],"_EventVenueID":[],"_OrganizerEmail":"","_OrganizerPhone":"","_OrganizerWebsite":"","_VenueAddress":"","_VenueCity":"","_VenueCountry":"","_VenueProvince":"","_VenueState":"","_VenueZip":"","_VenuePhone":"","_VenueURL":"","_VenueStateProvince":"","_VenueLat":"","_VenueLng":"","_VenueShowMap":false,"_VenueShowMapLink":false,"footnotes":""},"class_list":["post-693","page","type-page","status-publish","hentry"],"_links":{"self":[{"href":"https:\/\/www.doktorikool.ee\/en\/wp-json\/wp\/v2\/pages\/693","targetHints":{"allow":["GET"]}}],"collection":[{"href":"https:\/\/www.doktorikool.ee\/en\/wp-json\/wp\/v2\/pages"}],"about":[{"href":"https:\/\/www.doktorikool.ee\/en\/wp-json\/wp\/v2\/types\/page"}],"author":[{"embeddable":true,"href":"https:\/\/www.doktorikool.ee\/en\/wp-json\/wp\/v2\/users\/1"}],"replies":[{"embeddable":true,"href":"https:\/\/www.doktorikool.ee\/en\/wp-json\/wp\/v2\/comments?post=693"}],"version-history":[{"count":18,"href":"https:\/\/www.doktorikool.ee\/en\/wp-json\/wp\/v2\/pages\/693\/revisions"}],"predecessor-version":[{"id":3372,"href":"https:\/\/www.doktorikool.ee\/en\/wp-json\/wp\/v2\/pages\/693\/revisions\/3372"}],"up":[{"embeddable":true,"href":"https:\/\/www.doktorikool.ee\/en\/wp-json\/wp\/v2\/pages\/526"}],"wp:attachment":[{"href":"https:\/\/www.doktorikool.ee\/en\/wp-json\/wp\/v2\/media?parent=693"}],"curies":[{"name":"wp","href":"https:\/\/api.w.org\/{rel}","templated":true}]}}