{"id":701,"date":"2024-08-30T16:36:11","date_gmt":"2024-08-30T13:36:11","guid":{"rendered":"https:\/\/www.doktorikool.ee\/?page_id=701"},"modified":"2025-11-03T14:39:05","modified_gmt":"2025-11-03T12:39:05","slug":"sotsiaalteadused","status":"publish","type":"page","link":"https:\/\/www.doktorikool.ee\/en\/valdkondlikud-harud\/sotsiaalteadused\/","title":{"rendered":"Social Sciences"},"content":{"rendered":"<div style=\"height:13px\" aria-hidden=\"true\" class=\"wp-block-spacer\"><\/div>\n\n\n\n<p><strong>The Estonian Doctoral School for Social Sciences<\/strong> brings together all doctoral researchers, supervisors, and advanced master\u2019s students in the field of social sciences from four Estonian universities: University of Tartu, Tallinn University, Tallinn University of Technology, and Estonian Business School.<\/p>\n\n\n\n<p><p>The aim of the Doctoral School for Social Sciences is to support doctoral researchers in their academic development, the enhancement of general competencies, and progress with their dissertation to ensure successful completion. Additionally, the doctoral school for social sciences fosters interdisciplinary communication, inter-university cooperation, and the improvement of supervision quality.<\/p>\n\n<p>To achieve these goals, the Doctoral School for Social Sciences organizes a variety of academic events, including trainings, seminars, workshops, spring and summer schools, and writing retreats. These events often feature international experts invited to Estonia. Furthermore, the doctoral school supports doctoral researchers\u2019 participation in international conferences and seminars, contributing to the internationalization of doctoral studies and offering valuable opportunities for building global academic networks.<\/p><\/p>\n\n\n\n<p><strong>Research council<\/strong>:<\/p>\n\n\n\n<ul class=\"wp-block-list\">\n<li>University of Tartu (lead partner) \u2013 Mihkel Solvak, Andra Siibak<\/li>\n\n\n\n<li>Tallinn University \u2013 Eve Eisenschmidt, Merike Sisask<\/li>\n\n\n\n<li>Tallinn University of Technology \u2013 Mari-Klara Stein<\/li>\n\n\n\n<li>Estonian Business School \u2013 Kaire P\u00f5der<\/li>\n<\/ul>","protected":false},"excerpt":{"rendered":"<p>Eesti doktorikooli sotsiaalteaduste haru \u00fchendab k\u00f5iki sotsiaalteaduste doktorante, juhendajaid ja edasij\u00f5udnud magistrante neljast Eesti \u00fclikoolist: Tartu \u00dclikool, Tallinna \u00dclikool, Tallinna Tehnika\u00fclikool ning Estonian Business School. Haru eesm\u00e4rk on toetada doktorantide [&hellip;]<\/p>\n","protected":false},"author":1,"featured_media":0,"parent":526,"menu_order":0,"comment_status":"closed","ping_status":"closed","template":"","meta":{"inline_featured_image":false,"_EventAllDay":false,"_EventTimezone":"","_EventStartDate":"","_EventEndDate":"","_EventStartDateUTC":"","_EventEndDateUTC":"","_EventShowMap":false,"_EventShowMapLink":false,"_EventURL":"","_EventCost":"","_EventCostDescription":"","_EventCurrencySymbol":"","_EventCurrencyCode":"","_EventCurrencyPosition":"","_EventDateTimeSeparator":"","_EventTimeRangeSeparator":"","_EventOrganizerID":[],"_EventVenueID":[],"_OrganizerEmail":"","_OrganizerPhone":"","_OrganizerWebsite":"","_VenueAddress":"","_VenueCity":"","_VenueCountry":"","_VenueProvince":"","_VenueState":"","_VenueZip":"","_VenuePhone":"","_VenueURL":"","_VenueStateProvince":"","_VenueLat":"","_VenueLng":"","_VenueShowMap":false,"_VenueShowMapLink":false,"footnotes":""},"class_list":["post-701","page","type-page","status-publish","hentry"],"_links":{"self":[{"href":"https:\/\/www.doktorikool.ee\/en\/wp-json\/wp\/v2\/pages\/701","targetHints":{"allow":["GET"]}}],"collection":[{"href":"https:\/\/www.doktorikool.ee\/en\/wp-json\/wp\/v2\/pages"}],"about":[{"href":"https:\/\/www.doktorikool.ee\/en\/wp-json\/wp\/v2\/types\/page"}],"author":[{"embeddable":true,"href":"https:\/\/www.doktorikool.ee\/en\/wp-json\/wp\/v2\/users\/1"}],"replies":[{"embeddable":true,"href":"https:\/\/www.doktorikool.ee\/en\/wp-json\/wp\/v2\/comments?post=701"}],"version-history":[{"count":7,"href":"https:\/\/www.doktorikool.ee\/en\/wp-json\/wp\/v2\/pages\/701\/revisions"}],"predecessor-version":[{"id":4069,"href":"https:\/\/www.doktorikool.ee\/en\/wp-json\/wp\/v2\/pages\/701\/revisions\/4069"}],"up":[{"embeddable":true,"href":"https:\/\/www.doktorikool.ee\/en\/wp-json\/wp\/v2\/pages\/526"}],"wp:attachment":[{"href":"https:\/\/www.doktorikool.ee\/en\/wp-json\/wp\/v2\/media?parent=701"}],"curies":[{"name":"wp","href":"https:\/\/api.w.org\/{rel}","templated":true}]}}