{"id":112,"date":"2024-02-12T11:35:46","date_gmt":"2024-02-12T09:35:46","guid":{"rendered":"https:\/\/www.doktorikool.ee\/?page_id=112"},"modified":"2025-10-08T11:32:08","modified_gmt":"2025-10-08T08:32:08","slug":"kontaktid","status":"publish","type":"page","link":"https:\/\/www.doktorikool.ee\/et\/kontaktid\/","title":{"rendered":"Kontaktid"},"content":{"rendered":"\n<div style=\"height:13px\" aria-hidden=\"true\" class=\"wp-block-spacer\"><\/div>\n\n\n\n<div class=\"wp-block-columns is-layout-flex wp-container-core-columns-is-layout-28f84493 wp-block-columns-is-layout-flex\">\n<div class=\"wp-block-column is-vertically-aligned-top is-layout-flow wp-block-column-is-layout-flow\">\n<p class=\"has-text-align-center\"><strong>Tartu \u00dclikool<\/strong><br>Johanna Poll<br><a href=\"mailto:johanna.poll@ut.ee\">johanna.poll@ut.ee<\/a><br><br><a href=\"https:\/\/ut.ee\/et\/doktoriope\" data-type=\"link\" data-id=\"https:\/\/ut.ee\/et\/doktoriope\" target=\"_blank\" rel=\"noreferrer noopener\"><mark style=\"background-color:rgba(0, 0, 0, 0)\" class=\"has-inline-color has-vivid-cyan-blue-color\">T\u00dc doktori\u00f5ppest<\/mark><\/a><\/p>\n<\/div>\n\n\n\n<div class=\"wp-block-column is-vertically-aligned-center is-layout-flow wp-block-column-is-layout-flow\">\n<p class=\"has-text-align-center\"><strong>Eesti Muusika- ja Teatriakadeemia<\/strong><br>Kristel Karu-Kletter<br><a href=\"mailto:kristel.karu-kletter@eamt.ee\">kristel.karu-kletter@eamt.ee<\/a><br><br><a href=\"https:\/\/eamt.ee\/erialad\/doktorioppe-keskus\/\" data-type=\"link\" data-id=\"https:\/\/eamt.ee\/erialad\/doktorioppe-keskus\/\" target=\"_blank\" rel=\"noreferrer noopener\"><mark style=\"background-color:rgba(0, 0, 0, 0)\" class=\"has-inline-color has-vivid-cyan-blue-color\">EMTA doktori\u00f5ppest<\/mark><\/a><\/p>\n<\/div>\n\n\n\n<div class=\"wp-block-column is-vertically-aligned-top is-layout-flow wp-block-column-is-layout-flow\">\n<p class=\"has-text-align-center\"><strong>Estonian Business School<\/strong><br>Sigrid Lainevee<br><a href=\"mailto:sigrid.lainevee@ebs.ee\">sigrid.lainevee@ebs.ee<\/a><br><br><a href=\"https:\/\/www.ebs.ee\/research-and-doctoral-studies\" data-type=\"link\" data-id=\"https:\/\/www.ebs.ee\/research-and-doctoral-studies\" target=\"_blank\" rel=\"noreferrer noopener\"><mark style=\"background-color:rgba(0, 0, 0, 0)\" class=\"has-inline-color has-vivid-cyan-blue-color\">EBSi doktori\u00f5ppest<\/mark><\/a><\/p>\n<\/div>\n<\/div>\n\n\n\n<div class=\"wp-block-columns is-layout-flex wp-container-core-columns-is-layout-28f84493 wp-block-columns-is-layout-flex\">\n<div class=\"wp-block-column is-layout-flow wp-block-column-is-layout-flow\">\n<p class=\"has-text-align-center\"><strong>Eesti Kunstiakadeemia<\/strong><br>Irene H\u00fctsi<br><a href=\"irene.hutsi@artun.ee\" data-type=\"link\" data-id=\"irene.hutsi@artun.ee\">irene.hutsi@artun.ee<\/a><br><br><a href=\"https:\/\/www.artun.ee\/teadus-ja-arendus\/doktorikool\/ylevaade\/\" target=\"_blank\" rel=\"noreferrer noopener\"><mark style=\"background-color:rgba(0, 0, 0, 0)\" class=\"has-inline-color has-vivid-cyan-blue-color\">EKA doktori\u00f5ppest<\/mark><\/a><\/p>\n<\/div>\n\n\n\n<div class=\"wp-block-column is-layout-flow wp-block-column-is-layout-flow\">\n<p class=\"has-text-align-center\"><strong>Eesti Maa\u00fclikool<\/strong><br>Lili Veesaar<br><a href=\"lili.Veesaar@emu.ee\">lili.veesaar@emu.ee<\/a><br><br><a href=\"https:\/\/www.emu.ee\/doktoriope\" target=\"_blank\" rel=\"noreferrer noopener\"><mark style=\"background-color:rgba(0, 0, 0, 0)\" class=\"has-inline-color has-vivid-cyan-blue-color\">EM\u00dc doktori\u00f5ppest<\/mark><\/a><\/p>\n<\/div>\n\n\n\n<div class=\"wp-block-column is-layout-flow wp-block-column-is-layout-flow\">\n<p class=\"has-text-align-center\"><strong>Tallinna \u00dclikool<\/strong><br>Katrin Iisma<br><a href=\"katrin.iisma@tlu.ee\" data-type=\"link\" data-id=\"katrin.iisma@tlu.ee\">katrin.iisma@tlu.ee<\/a><br><br><a href=\"https:\/\/www.tlu.ee\/doktorioppekavad?fbclid=IwAR1PhnhWW3jk3OwTvQtO9NZ0-h9Vy3pscJsV_R0qahPPziTxgpBybgtzEMg\" data-type=\"link\" data-id=\"https:\/\/www.tlu.ee\/doktorioppekavad?fbclid=IwAR1PhnhWW3jk3OwTvQtO9NZ0-h9Vy3pscJsV_R0qahPPziTxgpBybgtzEMg\" target=\"_blank\" rel=\"noreferrer noopener\"><mark style=\"background-color:rgba(0, 0, 0, 0)\" class=\"has-inline-color has-vivid-cyan-blue-color\">TL\u00dc doktori\u00f5ppest<\/mark><\/a><\/p>\n<\/div>\n<\/div>\n\n\n\n<div class=\"wp-block-columns is-layout-flex wp-container-core-columns-is-layout-28f84493 wp-block-columns-is-layout-flex\">\n<div class=\"wp-block-column is-layout-flow wp-block-column-is-layout-flow\">\n<p class=\"has-text-align-center\"><strong>Tallinna Tehnika\u00fclikool<\/strong><br>Tiina Hagen<br><a href=\"tiina.hagen@taltech.ee\">tiina.hagen@taltech.ee<\/a><br><br><a href=\"https:\/\/taltech.ee\/doktorandile\/avaleht\" data-type=\"link\" data-id=\"https:\/\/taltech.ee\/doktorandile\/avaleht\" target=\"_blank\" rel=\"noreferrer noopener\"><mark style=\"background-color:rgba(0, 0, 0, 0)\" class=\"has-inline-color has-vivid-cyan-blue-color\">TalTechi doktori\u00f5ppest<\/mark><\/a><\/p>\n<\/div>\n<\/div>\n\n\n\n<hr class=\"wp-block-separator has-alpha-channel-opacity\"\/>\n\n\n\n<p class=\"has-text-align-center\"><strong>Projekti \u00fcldkoordinaator<\/strong><br>Tartu \u00dclikooli doktori\u00f5ppe talituse juhataja<br>Monika Tasa<br><a href=\"monika.tasa@ut.ee\" data-type=\"link\" data-id=\"monika.tasa@ut.ee\">monika.tasa@ut.ee<\/a><\/p>\n","protected":false},"excerpt":{"rendered":"<p>Tartu \u00dclikoolJohanna Polljohanna.poll@ut.ee T\u00dc doktori\u00f5ppest Eesti Muusika- ja TeatriakadeemiaKristel Karu-Kletterkristel.karu-kletter@eamt.ee EMTA doktori\u00f5ppest Estonian Business SchoolSigrid Laineveesigrid.lainevee@ebs.ee EBSi doktori\u00f5ppest Eesti KunstiakadeemiaIrene H\u00fctsiirene.hutsi@artun.ee EKA doktori\u00f5ppest Eesti Maa\u00fclikoolLili Veesaarlili.veesaar@emu.ee EM\u00dc doktori\u00f5ppest Tallinna \u00dclikoolKatrin [&hellip;]<\/p>\n","protected":false},"author":1,"featured_media":0,"parent":0,"menu_order":0,"comment_status":"closed","ping_status":"closed","template":"templates\/template-full-width.php","meta":{"inline_featured_image":false,"_EventAllDay":false,"_EventTimezone":"","_EventStartDate":"","_EventEndDate":"","_EventStartDateUTC":"","_EventEndDateUTC":"","_EventShowMap":false,"_EventShowMapLink":false,"_EventURL":"","_EventCost":"","_EventCostDescription":"","_EventCurrencySymbol":"","_EventCurrencyCode":"","_EventCurrencyPosition":"","_EventDateTimeSeparator":"","_EventTimeRangeSeparator":"","_EventOrganizerID":[],"_EventVenueID":[],"_OrganizerEmail":"","_OrganizerPhone":"","_OrganizerWebsite":"","_VenueAddress":"","_VenueCity":"","_VenueCountry":"","_VenueProvince":"","_VenueState":"","_VenueZip":"","_VenuePhone":"","_VenueURL":"","_VenueStateProvince":"","_VenueLat":"","_VenueLng":"","_VenueShowMap":false,"_VenueShowMapLink":false,"footnotes":""},"class_list":["post-112","page","type-page","status-publish","hentry"],"_links":{"self":[{"href":"https:\/\/www.doktorikool.ee\/et\/wp-json\/wp\/v2\/pages\/112","targetHints":{"allow":["GET"]}}],"collection":[{"href":"https:\/\/www.doktorikool.ee\/et\/wp-json\/wp\/v2\/pages"}],"about":[{"href":"https:\/\/www.doktorikool.ee\/et\/wp-json\/wp\/v2\/types\/page"}],"author":[{"embeddable":true,"href":"https:\/\/www.doktorikool.ee\/et\/wp-json\/wp\/v2\/users\/1"}],"replies":[{"embeddable":true,"href":"https:\/\/www.doktorikool.ee\/et\/wp-json\/wp\/v2\/comments?post=112"}],"version-history":[{"count":37,"href":"https:\/\/www.doktorikool.ee\/et\/wp-json\/wp\/v2\/pages\/112\/revisions"}],"predecessor-version":[{"id":3807,"href":"https:\/\/www.doktorikool.ee\/et\/wp-json\/wp\/v2\/pages\/112\/revisions\/3807"}],"wp:attachment":[{"href":"https:\/\/www.doktorikool.ee\/et\/wp-json\/wp\/v2\/media?parent=112"}],"curies":[{"name":"wp","href":"https:\/\/api.w.org\/{rel}","templated":true}]}}