{"id":1600,"date":"2024-11-14T10:47:19","date_gmt":"2024-11-14T08:47:19","guid":{"rendered":"https:\/\/www.doktorikool.ee\/?page_id=1600"},"modified":"2026-02-26T14:21:46","modified_gmt":"2026-02-26T12:21:46","slug":"karjaarikonverents","status":"publish","type":"page","link":"https:\/\/www.doktorikool.ee\/et\/karjaarikonverents\/","title":{"rendered":"Karj\u00e4\u00e4rikonverents"},"content":{"rendered":"\n<div style=\"height:11px\" aria-hidden=\"true\" class=\"wp-block-spacer\"><\/div>\n\n\n\n<div style=\"height:10px\" aria-hidden=\"true\" class=\"wp-block-spacer\"><\/div>\n\n\n\n<p class=\"has-text-align-center\">Karj\u00e4\u00e4rikonverents on Eesti \u00fclikoolide koost\u00f6\u00f6s korraldatav iga-aastane \u00fcritus, mis toob kokku doktorandid ja doktori\u00f5ppe huvilised \u00fcle Eesti. Konverents v\u00f5imaldab laiendada arusaama doktorantuuri jooksul omandatud oskustest ja nende rakendamisest nii akadeemilises karj\u00e4\u00e4ris kui v\u00e4ljaspool teadusmaailma. Samuti on see suurep\u00e4rane v\u00f5imalus kohtuda ja ideid vahetada teiste doktorantide, magistrantide ja kutsutud tippspetsialistidega.<\/p>\n\n\n\n<div style=\"height:6px\" aria-hidden=\"true\" class=\"wp-block-spacer\"><\/div>\n\n\n\n<div style=\"height:1px\" aria-hidden=\"true\" class=\"wp-block-spacer\"><\/div>\n\n\n\n<h4 class=\"wp-block-heading has-text-align-center\">Registreerimine avatud! <br><a href=\"https:\/\/www.doktorikool.ee\/et\/karjaarikonverents\/2026-karjaarikonverents\/\" data-type=\"link\" data-id=\"https:\/\/www.doktorikool.ee\/et\/karjaarikonverents\/2026-karjaarikonverents\/\"><span style=\"text-decoration: underline;\"><strong>Karj\u00e4\u00e4rikonverents 2026<\/strong><\/span><\/a><\/h4>\n\n\n\n<div style=\"height:23px\" aria-hidden=\"true\" class=\"wp-block-spacer\"><\/div>\n\n\n\n<h4 class=\"wp-block-heading has-text-align-center\"><strong>Toimunud karj\u00e4\u00e4rikonverentsid:<\/strong><\/h4>\n\n\n\n<p class=\"has-text-align-center\"><strong><a href=\"https:\/\/www.doktorikool.ee\/karjaarikonverents\/karjaarikonverents-2025\/\" data-type=\"page\" data-id=\"1605\">Karj\u00e4\u00e4rikonverents 2025<\/a><\/strong><\/p>\n\n\n\n<p class=\"has-text-align-center\"><a href=\"https:\/\/www.doktorikool.ee\/karjaarikonverents-2\/karjaarikonverents\/\" data-type=\"page\" data-id=\"305\"><strong>Karj\u00e4\u00e4rikonverents 2024<\/strong><\/a><\/p>\n\n\n\n<div style=\"height:4px\" aria-hidden=\"true\" class=\"wp-block-spacer\"><\/div>\n\n\n\n<p><\/p>\n\n\n\n<div style=\"height:17px\" aria-hidden=\"true\" class=\"wp-block-spacer\"><\/div>\n","protected":false},"excerpt":{"rendered":"<p>Karj\u00e4\u00e4rikonverents on Eesti \u00fclikoolide koost\u00f6\u00f6s korraldatav iga-aastane \u00fcritus, mis toob kokku doktorandid ja doktori\u00f5ppe huvilised \u00fcle Eesti. Konverents v\u00f5imaldab laiendada arusaama doktorantuuri jooksul omandatud oskustest ja nende rakendamisest nii akadeemilises [&hellip;]<\/p>\n","protected":false},"author":2,"featured_media":0,"parent":0,"menu_order":0,"comment_status":"closed","ping_status":"closed","template":"","meta":{"inline_featured_image":false,"_EventAllDay":false,"_EventTimezone":"","_EventStartDate":"","_EventEndDate":"","_EventStartDateUTC":"","_EventEndDateUTC":"","_EventShowMap":false,"_EventShowMapLink":false,"_EventURL":"","_EventCost":"","_EventCostDescription":"","_EventCurrencySymbol":"","_EventCurrencyCode":"","_EventCurrencyPosition":"","_EventDateTimeSeparator":"","_EventTimeRangeSeparator":"","_EventOrganizerID":[],"_EventVenueID":[],"_OrganizerEmail":"","_OrganizerPhone":"","_OrganizerWebsite":"","_VenueAddress":"","_VenueCity":"","_VenueCountry":"","_VenueProvince":"","_VenueState":"","_VenueZip":"","_VenuePhone":"","_VenueURL":"","_VenueStateProvince":"","_VenueLat":"","_VenueLng":"","_VenueShowMap":false,"_VenueShowMapLink":false,"footnotes":""},"class_list":["post-1600","page","type-page","status-publish","hentry"],"_links":{"self":[{"href":"https:\/\/www.doktorikool.ee\/et\/wp-json\/wp\/v2\/pages\/1600","targetHints":{"allow":["GET"]}}],"collection":[{"href":"https:\/\/www.doktorikool.ee\/et\/wp-json\/wp\/v2\/pages"}],"about":[{"href":"https:\/\/www.doktorikool.ee\/et\/wp-json\/wp\/v2\/types\/page"}],"author":[{"embeddable":true,"href":"https:\/\/www.doktorikool.ee\/et\/wp-json\/wp\/v2\/users\/2"}],"replies":[{"embeddable":true,"href":"https:\/\/www.doktorikool.ee\/et\/wp-json\/wp\/v2\/comments?post=1600"}],"version-history":[{"count":34,"href":"https:\/\/www.doktorikool.ee\/et\/wp-json\/wp\/v2\/pages\/1600\/revisions"}],"predecessor-version":[{"id":4581,"href":"https:\/\/www.doktorikool.ee\/et\/wp-json\/wp\/v2\/pages\/1600\/revisions\/4581"}],"wp:attachment":[{"href":"https:\/\/www.doktorikool.ee\/et\/wp-json\/wp\/v2\/media?parent=1600"}],"curies":[{"name":"wp","href":"https:\/\/api.w.org\/{rel}","templated":true}]}}