{"id":2,"date":"2024-01-16T14:14:59","date_gmt":"2024-01-16T14:14:59","guid":{"rendered":"http:\/\/www.doktorikool.ee\/?page_id=2"},"modified":"2025-04-02T16:46:08","modified_gmt":"2025-04-02T13:46:08","slug":"avaleht","status":"publish","type":"page","link":"https:\/\/www.doktorikool.ee\/et\/","title":{"rendered":"Avaleht"},"content":{"rendered":"\n<figure class=\"wp-block-image aligncenter size-full is-resized\"><img loading=\"lazy\" decoding=\"async\" width=\"1024\" height=\"372\" src=\"https:\/\/www.doktorikool.ee\/wp-content\/uploads\/2024\/08\/WinterSchool-119_uus-1024x372-1.jpg\" alt=\"\" class=\"wp-image-744\" style=\"width:991px\" srcset=\"https:\/\/www.doktorikool.ee\/wp-content\/uploads\/2024\/08\/WinterSchool-119_uus-1024x372-1.jpg 1024w, https:\/\/www.doktorikool.ee\/wp-content\/uploads\/2024\/08\/WinterSchool-119_uus-1024x372-1-300x109.jpg 300w, https:\/\/www.doktorikool.ee\/wp-content\/uploads\/2024\/08\/WinterSchool-119_uus-1024x372-1-768x279.jpg 768w, https:\/\/www.doktorikool.ee\/wp-content\/uploads\/2024\/08\/WinterSchool-119_uus-1024x372-1-18x7.jpg 18w\" sizes=\"auto, (max-width: 1024px) 100vw, 1024px\" \/><\/figure>\n\n\n\n<div class=\"wp-block-group has-global-padding is-layout-constrained wp-container-core-group-is-layout-719f8c31 wp-block-group-is-layout-constrained\">\n<p>Eesti doktorikool&nbsp;\u00fchendab k\u00f5ikide Eesti \u00fclikoolide doktorante ja nende juhendajaid. Doktorikooli \u00fcritused v\u00f5imaldavad doktorandil luua teaduskontakte nii erialade kui ka rahvusvahelises koost\u00f6\u00f6s, saada erialade\u00fcleseid teadmisi ja arendada \u00fcldoskusi. Lisaks on doktorandil v\u00f5imalik taotleda l\u00fchiajalise \u00f5pir\u00e4nde toetust. Eraldi \u00fcritustesari toetab juhendajate tegevust.<\/p>\n\n\n\n<p style=\"font-size:clamp(14px, 0.875rem + ((1vw - 3.2px) * 0.417), 18px);\">Lisaks toetab doktorikool Eesti ja v\u00e4lis\u00fclikoolidest ning evalveeritud teadus- ja arendusasutustest asjatundjate kaasamist doktorit\u00f6\u00f6de kaasjuhendamisel, oponeerimisel ja n\u00f5u andmisel.&nbsp;<\/p>\n<\/div>\n\n\n\n<figure class=\"wp-block-image aligncenter size-full is-resized\"><img loading=\"lazy\" decoding=\"async\" width=\"1022\" height=\"594\" src=\"https:\/\/www.doktorikool.ee\/wp-content\/uploads\/2024\/08\/Kaasrahastanud_EL_kaksiklogod_EST_hor_color_RGB.png\" alt=\"\" class=\"wp-image-741\" style=\"width:262px;height:auto\" srcset=\"https:\/\/www.doktorikool.ee\/wp-content\/uploads\/2024\/08\/Kaasrahastanud_EL_kaksiklogod_EST_hor_color_RGB.png 1022w, https:\/\/www.doktorikool.ee\/wp-content\/uploads\/2024\/08\/Kaasrahastanud_EL_kaksiklogod_EST_hor_color_RGB-300x174.png 300w, https:\/\/www.doktorikool.ee\/wp-content\/uploads\/2024\/08\/Kaasrahastanud_EL_kaksiklogod_EST_hor_color_RGB-768x446.png 768w, https:\/\/www.doktorikool.ee\/wp-content\/uploads\/2024\/08\/Kaasrahastanud_EL_kaksiklogod_EST_hor_color_RGB-18x10.png 18w\" sizes=\"auto, (max-width: 1022px) 100vw, 1022px\" \/><\/figure>\n\n\n\n<div class=\"wp-block-group is-content-justification-center is-nowrap is-layout-flex wp-container-core-group-is-layout-76f55352 wp-block-group-is-layout-flex\">\n<div class=\"wp-block-columns are-vertically-aligned-center is-layout-flex wp-container-core-columns-is-layout-28f84493 wp-block-columns-is-layout-flex\">\n<div class=\"wp-block-column is-vertically-aligned-center is-layout-flow wp-block-column-is-layout-flow\">\n<figure class=\"wp-block-image aligncenter size-large is-resized\"><img loading=\"lazy\" decoding=\"async\" width=\"1024\" height=\"340\" src=\"https:\/\/www.doktorikool.ee\/wp-content\/uploads\/2024\/02\/kompaktlogo_est_sinine-1024x340.png\" alt=\"\" class=\"wp-image-151\" style=\"width:223px;height:auto\" srcset=\"https:\/\/www.doktorikool.ee\/wp-content\/uploads\/2024\/02\/kompaktlogo_est_sinine-1024x340.png 1024w, https:\/\/www.doktorikool.ee\/wp-content\/uploads\/2024\/02\/kompaktlogo_est_sinine-300x100.png 300w, https:\/\/www.doktorikool.ee\/wp-content\/uploads\/2024\/02\/kompaktlogo_est_sinine-768x255.png 768w, https:\/\/www.doktorikool.ee\/wp-content\/uploads\/2024\/02\/kompaktlogo_est_sinine-1536x510.png 1536w, https:\/\/www.doktorikool.ee\/wp-content\/uploads\/2024\/02\/kompaktlogo_est_sinine-18x6.png 18w, https:\/\/www.doktorikool.ee\/wp-content\/uploads\/2024\/02\/kompaktlogo_est_sinine-1140x379.png 1140w, https:\/\/www.doktorikool.ee\/wp-content\/uploads\/2024\/02\/kompaktlogo_est_sinine.png 1583w\" sizes=\"auto, (max-width: 1024px) 100vw, 1024px\" \/><\/figure>\n<\/div>\n\n\n\n<div class=\"wp-block-column is-vertically-aligned-center is-layout-flow wp-block-column-is-layout-flow\">\n<figure class=\"wp-block-image aligncenter size-large\"><img loading=\"lazy\" decoding=\"async\" width=\"1024\" height=\"204\" src=\"https:\/\/www.doktorikool.ee\/wp-content\/uploads\/2024\/02\/TalTech-OCo\u252cAFull-name-logo-lockup-Estonian-1024x204.png\" alt=\"\" class=\"wp-image-148\" srcset=\"https:\/\/www.doktorikool.ee\/wp-content\/uploads\/2024\/02\/TalTech-OCo\u252cAFull-name-logo-lockup-Estonian-1024x204.png 1024w, https:\/\/www.doktorikool.ee\/wp-content\/uploads\/2024\/02\/TalTech-OCo\u252cAFull-name-logo-lockup-Estonian-300x60.png 300w, https:\/\/www.doktorikool.ee\/wp-content\/uploads\/2024\/02\/TalTech-OCo\u252cAFull-name-logo-lockup-Estonian-768x153.png 768w, https:\/\/www.doktorikool.ee\/wp-content\/uploads\/2024\/02\/TalTech-OCo\u252cAFull-name-logo-lockup-Estonian-1536x306.png 1536w, https:\/\/www.doktorikool.ee\/wp-content\/uploads\/2024\/02\/TalTech-OCo\u252cAFull-name-logo-lockup-Estonian-2048x408.png 2048w, https:\/\/www.doktorikool.ee\/wp-content\/uploads\/2024\/02\/TalTech-OCo\u252cAFull-name-logo-lockup-Estonian-18x4.png 18w, https:\/\/www.doktorikool.ee\/wp-content\/uploads\/2024\/02\/TalTech-OCo\u252cAFull-name-logo-lockup-Estonian-1140x227.png 1140w\" sizes=\"auto, (max-width: 1024px) 100vw, 1024px\" \/><\/figure>\n<\/div>\n\n\n\n<div class=\"wp-block-column is-vertically-aligned-center is-layout-flow wp-block-column-is-layout-flow\">\n<figure class=\"wp-block-image aligncenter size-full is-resized\"><img loading=\"lazy\" decoding=\"async\" width=\"604\" height=\"307\" src=\"https:\/\/www.doktorikool.ee\/wp-content\/uploads\/2024\/02\/thumbnail_ebs_logo2016_RGB_gold.png\" alt=\"\" class=\"wp-image-166\" style=\"width:220px;height:auto\" srcset=\"https:\/\/www.doktorikool.ee\/wp-content\/uploads\/2024\/02\/thumbnail_ebs_logo2016_RGB_gold.png 604w, https:\/\/www.doktorikool.ee\/wp-content\/uploads\/2024\/02\/thumbnail_ebs_logo2016_RGB_gold-300x152.png 300w, https:\/\/www.doktorikool.ee\/wp-content\/uploads\/2024\/02\/thumbnail_ebs_logo2016_RGB_gold-18x9.png 18w\" sizes=\"auto, (max-width: 604px) 100vw, 604px\" \/><\/figure>\n<\/div>\n<\/div>\n<\/div>\n\n\n\n<div class=\"wp-block-columns are-vertically-aligned-center is-layout-flex wp-container-core-columns-is-layout-28f84493 wp-block-columns-is-layout-flex\">\n<div class=\"wp-block-column is-vertically-aligned-center is-layout-flow wp-block-column-is-layout-flow\">\n<figure class=\"wp-block-image aligncenter size-full is-resized\"><img loading=\"lazy\" decoding=\"async\" width=\"2028\" height=\"608\" src=\"https:\/\/www.doktorikool.ee\/wp-content\/uploads\/2025\/04\/EMY_LOGO_HOR_RGB_EST_ROHELINE.gif\" alt=\"\" class=\"wp-image-2756\" style=\"width:231px;height:auto\"\/><\/figure>\n<\/div>\n\n\n\n<div class=\"wp-block-column is-vertically-aligned-center is-layout-flow wp-block-column-is-layout-flow\">\n<figure class=\"wp-block-image aligncenter size-full is-resized\"><img loading=\"lazy\" decoding=\"async\" width=\"620\" height=\"189\" src=\"https:\/\/www.doktorikool.ee\/wp-content\/uploads\/2024\/08\/TLU-uldlogo.png\" alt=\"\" class=\"wp-image-743\" style=\"width:286px;height:auto\" srcset=\"https:\/\/www.doktorikool.ee\/wp-content\/uploads\/2024\/08\/TLU-uldlogo.png 620w, https:\/\/www.doktorikool.ee\/wp-content\/uploads\/2024\/08\/TLU-uldlogo-300x91.png 300w, https:\/\/www.doktorikool.ee\/wp-content\/uploads\/2024\/08\/TLU-uldlogo-18x5.png 18w\" sizes=\"auto, (max-width: 620px) 100vw, 620px\" \/><\/figure>\n<\/div>\n\n\n\n<div class=\"wp-block-column is-vertically-aligned-center is-layout-flow wp-block-column-is-layout-flow\">\n<figure class=\"wp-block-image aligncenter size-large is-resized\"><img loading=\"lazy\" decoding=\"async\" width=\"1024\" height=\"194\" src=\"https:\/\/www.doktorikool.ee\/wp-content\/uploads\/2024\/02\/EKA_EESTI-KUNSTIAKADEEMIA_must-1024x194.png\" alt=\"\" class=\"wp-image-182\" style=\"width:243px;height:auto\" srcset=\"https:\/\/www.doktorikool.ee\/wp-content\/uploads\/2024\/02\/EKA_EESTI-KUNSTIAKADEEMIA_must-1024x194.png 1024w, https:\/\/www.doktorikool.ee\/wp-content\/uploads\/2024\/02\/EKA_EESTI-KUNSTIAKADEEMIA_must-300x57.png 300w, https:\/\/www.doktorikool.ee\/wp-content\/uploads\/2024\/02\/EKA_EESTI-KUNSTIAKADEEMIA_must-768x146.png 768w, https:\/\/www.doktorikool.ee\/wp-content\/uploads\/2024\/02\/EKA_EESTI-KUNSTIAKADEEMIA_must-1536x291.png 1536w, https:\/\/www.doktorikool.ee\/wp-content\/uploads\/2024\/02\/EKA_EESTI-KUNSTIAKADEEMIA_must-2048x388.png 2048w, https:\/\/www.doktorikool.ee\/wp-content\/uploads\/2024\/02\/EKA_EESTI-KUNSTIAKADEEMIA_must-18x3.png 18w, https:\/\/www.doktorikool.ee\/wp-content\/uploads\/2024\/02\/EKA_EESTI-KUNSTIAKADEEMIA_must-1140x216.png 1140w\" sizes=\"auto, (max-width: 1024px) 100vw, 1024px\" \/><\/figure>\n<\/div>\n<\/div>\n\n\n\n<figure class=\"wp-block-image aligncenter size-large is-resized\"><img loading=\"lazy\" decoding=\"async\" width=\"1024\" height=\"725\" src=\"https:\/\/www.doktorikool.ee\/wp-content\/uploads\/2024\/02\/EMTA_logo_tumesinine-1024x725.png\" alt=\"\" class=\"wp-image-158\" style=\"width:257px;height:auto\" srcset=\"https:\/\/www.doktorikool.ee\/wp-content\/uploads\/2024\/02\/EMTA_logo_tumesinine-1024x725.png 1024w, https:\/\/www.doktorikool.ee\/wp-content\/uploads\/2024\/02\/EMTA_logo_tumesinine-300x212.png 300w, https:\/\/www.doktorikool.ee\/wp-content\/uploads\/2024\/02\/EMTA_logo_tumesinine-768x544.png 768w, https:\/\/www.doktorikool.ee\/wp-content\/uploads\/2024\/02\/EMTA_logo_tumesinine-18x12.png 18w, https:\/\/www.doktorikool.ee\/wp-content\/uploads\/2024\/02\/EMTA_logo_tumesinine-1140x807.png 1140w, https:\/\/www.doktorikool.ee\/wp-content\/uploads\/2024\/02\/EMTA_logo_tumesinine.png 1206w\" sizes=\"auto, (max-width: 1024px) 100vw, 1024px\" \/><\/figure>\n","protected":false},"excerpt":{"rendered":"<p>Eesti doktorikool&nbsp;\u00fchendab k\u00f5ikide Eesti \u00fclikoolide doktorante ja nende juhendajaid. Doktorikooli \u00fcritused v\u00f5imaldavad doktorandil luua teaduskontakte nii erialade kui ka rahvusvahelises koost\u00f6\u00f6s, saada erialade\u00fcleseid teadmisi ja arendada \u00fcldoskusi. Lisaks on doktorandil [&hellip;]<\/p>\n","protected":false},"author":1,"featured_media":0,"parent":0,"menu_order":0,"comment_status":"closed","ping_status":"closed","template":"","meta":{"inline_featured_image":false,"_EventAllDay":false,"_EventTimezone":"","_EventStartDate":"","_EventEndDate":"","_EventStartDateUTC":"","_EventEndDateUTC":"","_EventShowMap":false,"_EventShowMapLink":false,"_EventURL":"","_EventCost":"","_EventCostDescription":"","_EventCurrencySymbol":"","_EventCurrencyCode":"","_EventCurrencyPosition":"","_EventDateTimeSeparator":"","_EventTimeRangeSeparator":"","_EventOrganizerID":[],"_EventVenueID":[],"_OrganizerEmail":"","_OrganizerPhone":"","_OrganizerWebsite":"","_VenueAddress":"","_VenueCity":"","_VenueCountry":"","_VenueProvince":"","_VenueState":"","_VenueZip":"","_VenuePhone":"","_VenueURL":"","_VenueStateProvince":"","_VenueLat":"","_VenueLng":"","_VenueShowMap":false,"_VenueShowMapLink":false,"footnotes":""},"class_list":["post-2","page","type-page","status-publish","hentry"],"_links":{"self":[{"href":"https:\/\/www.doktorikool.ee\/et\/wp-json\/wp\/v2\/pages\/2","targetHints":{"allow":["GET"]}}],"collection":[{"href":"https:\/\/www.doktorikool.ee\/et\/wp-json\/wp\/v2\/pages"}],"about":[{"href":"https:\/\/www.doktorikool.ee\/et\/wp-json\/wp\/v2\/types\/page"}],"author":[{"embeddable":true,"href":"https:\/\/www.doktorikool.ee\/et\/wp-json\/wp\/v2\/users\/1"}],"replies":[{"embeddable":true,"href":"https:\/\/www.doktorikool.ee\/et\/wp-json\/wp\/v2\/comments?post=2"}],"version-history":[{"count":42,"href":"https:\/\/www.doktorikool.ee\/et\/wp-json\/wp\/v2\/pages\/2\/revisions"}],"predecessor-version":[{"id":2757,"href":"https:\/\/www.doktorikool.ee\/et\/wp-json\/wp\/v2\/pages\/2\/revisions\/2757"}],"wp:attachment":[{"href":"https:\/\/www.doktorikool.ee\/et\/wp-json\/wp\/v2\/media?parent=2"}],"curies":[{"name":"wp","href":"https:\/\/api.w.org\/{rel}","templated":true}]}}