{"id":3209,"date":"2025-07-15T17:41:41","date_gmt":"2025-07-15T14:41:41","guid":{"rendered":"https:\/\/www.doktorikool.ee\/?page_id=3209"},"modified":"2026-03-27T14:16:13","modified_gmt":"2026-03-27T12:16:13","slug":"juhendajale","status":"publish","type":"page","link":"https:\/\/www.doktorikool.ee\/et\/juhendajale\/","title":{"rendered":"Juhendajale"},"content":{"rendered":"\n<div class=\"wp-block-columns is-layout-flex wp-container-core-columns-is-layout-28f84493 wp-block-columns-is-layout-flex\">\n<div class=\"wp-block-column is-layout-flow wp-block-column-is-layout-flow\">\n<div style=\"height:8px\" aria-hidden=\"true\" class=\"wp-block-spacer\"><\/div>\n\n\n\n<figure class=\"wp-block-image aligncenter size-full\"><img loading=\"lazy\" decoding=\"async\" width=\"400\" height=\"150\" src=\"https:\/\/www.doktorikool.ee\/wp-content\/uploads\/2025\/07\/kohvihommikud.png\" alt=\"\" class=\"wp-image-3217\" srcset=\"https:\/\/www.doktorikool.ee\/wp-content\/uploads\/2025\/07\/kohvihommikud.png 400w, https:\/\/www.doktorikool.ee\/wp-content\/uploads\/2025\/07\/kohvihommikud-300x113.png 300w, https:\/\/www.doktorikool.ee\/wp-content\/uploads\/2025\/07\/kohvihommikud-18x7.png 18w\" sizes=\"auto, (max-width: 400px) 100vw, 400px\" \/><\/figure>\n\n\n\n<p><strong>Kohvihommikud<\/strong>\u202fon doktorantide\u202fjuhendajatele suunatud\u202fvaba \u00f5hustikuga kohtumised, mis annavad suurep\u00e4rase v\u00f5imaluse n\u00e4dala l\u00f5pus kohvitass k\u00e4tte v\u00f5tta, k\u00f5rvaklapid p\u00e4he panna ning kuulata inspireerivaid ja praktilisi n\u00f5uandeid oma ala spetsialistidelt. &nbsp;<\/p>\n\n\n\n<p>Iga kohtumine keskendub aktuaalsele teemale, pakkudes v\u00e4\u00e4rtuslikke n\u00f5uandeid oma igap\u00e4evase juhendamist\u00f6\u00f6 korraldamiseks. Osalejatel on v\u00f5imalus saada oma t\u00e4iendavatele k\u00fcsimustele vastuseid otse spetsialistidelt. Veebikohtumised toimuvad\u202freede hommikuti v\u00e4hemalt kaks korda semestris, pakkudes v\u00f5imalust osaleda seal, kus parasjagu viibite.<\/p>\n\n\n\n<div style=\"height:97px\" aria-hidden=\"true\" class=\"wp-block-spacer\"><\/div>\n<\/div>\n\n\n\n<div class=\"wp-block-column is-layout-flow wp-block-column-is-layout-flow\">\n<div style=\"height:7px\" aria-hidden=\"true\" class=\"wp-block-spacer\"><\/div>\n\n\n\n<figure class=\"wp-block-image aligncenter size-full\"><img loading=\"lazy\" decoding=\"async\" width=\"400\" height=\"150\" src=\"https:\/\/www.doktorikool.ee\/wp-content\/uploads\/2025\/07\/meistriklassid.png\" alt=\"\" class=\"wp-image-3216\" srcset=\"https:\/\/www.doktorikool.ee\/wp-content\/uploads\/2025\/07\/meistriklassid.png 400w, https:\/\/www.doktorikool.ee\/wp-content\/uploads\/2025\/07\/meistriklassid-300x113.png 300w, https:\/\/www.doktorikool.ee\/wp-content\/uploads\/2025\/07\/meistriklassid-18x7.png 18w\" sizes=\"auto, (max-width: 400px) 100vw, 400px\" \/><\/figure>\n\n\n\n<p><strong>Meistriklassid<\/strong> sobivad k\u00f5ikidele doktorantide juhendajatele, et omandada praktilisi t\u00f6\u00f6v\u00f5tteid ning uusi meetodeid k\u00f5rgetasemelise ja professionaalse juhendamise l\u00e4biviimiseks ning v\u00f5imaluse vahetada kogemusi teiste Eesti \u00fclikoolide juhendajatega. Meistriklasside raames r\u00e4\u00e4gime ootuste ja rollide selgest kokkuleppimisest, juhendamiskohtumise tulemuslikust l\u00e4biviimisest, kirjutamisprotsessi toetava tagasiside andmisest, doktorandi iseseisvuse toetamisest ja samas \u00f5igel rajal hoidmisest ning paljust muust.&nbsp;<\/p>\n\n\n\n<p>Juhendajate meistriklassid v\u00f5ivad toimuda nii p\u00e4evaste veebiseminaride kui p\u00f5hjalikumate kohapealsete t\u00f6\u00f6tubadena. Meistriklasside ajakava on mitmekesine ning \u00f5ppevorm interaktiivne. \u00dcritused sobivad nii neile, kes on juba doktorante juhendanud, kui ka neile, kes on juhendamisega alustanud hiljuti. &nbsp;<\/p>\n\n\n\n<div style=\"height:0px\" aria-hidden=\"true\" class=\"wp-block-spacer\"><\/div>\n<\/div>\n<\/div>\n\n\n\n<div class=\"wp-block-columns is-layout-flex wp-container-core-columns-is-layout-28f84493 wp-block-columns-is-layout-flex\">\n<div class=\"wp-block-column is-layout-flow wp-block-column-is-layout-flow\">\n<figure class=\"wp-block-table\"><table class=\"has-fixed-layout\"><tbody><tr><td><strong>Eelseisvad kohvihommikud:<\/strong><\/td><\/tr><\/tbody><\/table><\/figure>\n\n\n\n<p><\/p>\n\n\n\n<div style=\"height:11px\" aria-hidden=\"true\" class=\"wp-block-spacer\"><\/div>\n<\/div>\n\n\n\n<div class=\"wp-block-column is-layout-flow wp-block-column-is-layout-flow\">\n<figure class=\"wp-block-table\"><table class=\"has-fixed-layout\"><tbody><tr><td><strong>Eelseisvad meistriklassid:<\/strong><\/td><\/tr><\/tbody><\/table><\/figure>\n\n\n\n<p><strong>04.12.2026<\/strong> Doktorandi juhendamine: meetodid ja t\u00f6\u00f6vahendid (veebiseminar)<\/p>\n<\/div>\n<\/div>\n\n\n\n<div style=\"height:3px\" aria-hidden=\"true\" class=\"wp-block-spacer\"><\/div>\n\n\n\n<div class=\"wp-block-columns is-layout-flex wp-container-core-columns-is-layout-28f84493 wp-block-columns-is-layout-flex\">\n<div class=\"wp-block-column is-layout-flow wp-block-column-is-layout-flow\">\n<figure class=\"wp-block-table\"><table class=\"has-fixed-layout\"><tbody><tr><td><strong>Toimunud kohvihommikud:<\/strong><\/td><\/tr><\/tbody><\/table><\/figure>\n\n\n\n<p><strong>20.03.2026<\/strong> <a href=\"https:\/\/www.doktorikool.ee\/et\/uritused\/juhendajate-kohvihommik-tipptaseme-saavutamine\/\" data-type=\"link\" data-id=\"https:\/\/www.doktorikool.ee\/et\/uritused\/juhendajate-kohvihommik-tipptaseme-saavutamine\/\">Tipptaseme saavutamine: kuidas juhendajad saavad toetada\u00a0talente\u00a0ja\u00a0soodustada teadust\u00f6\u00f6 edukust?<\/a> <\/p>\n\n\n\n<p><strong>13.02.2026<\/strong> <a href=\"https:\/\/www.doktorikool.ee\/et\/uritused\/juhendajate-kohvihommik-ramps-ehk-prugiajakirjad-ja-roovellik-kirjastamine\/\">R\u00e4mps- ehk pr\u00fcgiajakirjad&nbsp;ja r\u00f6\u00f6vellik kirjastamine \u2013 kuidas neid v\u00e4ltida?<\/a><\/p>\n\n\n\n<p><strong>07.11.2025 <\/strong><a href=\"https:\/\/www.doktorikool.ee\/et\/uritused\/meeskonna-juhtimine\/\">Leading a Team<\/a><\/p>\n\n\n\n<p><strong>19.09.2025 <\/strong><a href=\"https:\/\/www.doktorikool.ee\/et\/uritused\/neuroinclusive-doctoral-supervision\/\">Neuroinclusive Doctoral Supervision<\/a><\/p>\n\n\n\n<p><strong>25.04.2025<\/strong> <a href=\"https:\/\/www.doktorikool.ee\/et\/uritused\/juhendajate-kohvihommik-4\/\">Loovuurimusest ja selle juhendamisest II<\/a> <\/p>\n\n\n\n<p><strong>07.02.2025<\/strong> <a href=\"https:\/\/www.doktorikool.ee\/et\/uritused\/juhendajate-kohvihommik-3\/\">Loovuurimusest ja selle juhendamisest<\/a><\/p>\n\n\n\n<p><strong>06.12.2024<\/strong> <a href=\"https:\/\/www.doktorikool.ee\/et\/uritused\/juhendajate-kohvihommik-juhendaja-vaimne-heaolu-ise-ja-koostoimimise-moistlik-tasakaal\/\">Juhendaja vaimne heaolu: ise- ja koostoimimise m\u00f5istlik tasakaal<\/a><\/p>\n\n\n\n<p><strong>22.11.2024<\/strong> <a href=\"https:\/\/www.doktorikool.ee\/et\/uritused\/juhendajate-kohvihommik-2\/\">Avatud teadusandmed ja andmehaldusplaan<\/a><\/p>\n\n\n\n<p><strong>24.o5.2024<\/strong> <a href=\"https:\/\/www.doktorikool.ee\/et\/uritused\/juhendajate-kohvihommik\/\">Julgeolek<\/a> <\/p>\n<\/div>\n\n\n\n<div class=\"wp-block-column is-layout-flow wp-block-column-is-layout-flow\">\n<figure class=\"wp-block-table\"><table class=\"has-fixed-layout\"><tbody><tr><td><strong>Toimunud meistriklassid:<\/strong><\/td><\/tr><\/tbody><\/table><\/figure>\n\n\n\n<p><strong>26.03.2026 &#8211; 27.03.2026<\/strong> <a href=\"https:\/\/www.doktorikool.ee\/en\/uritused\/doktorandi-juhendamine-meetodid-ja-toovahendid-4\/\" data-type=\"link\" data-id=\"https:\/\/www.doktorikool.ee\/en\/uritused\/doktorandi-juhendamine-meetodid-ja-toovahendid-4\/\" target=\"_blank\" rel=\"noreferrer noopener\">Doktorandi juhendamine: meetodid ja t\u00f6\u00f6vahendid<\/a> (kahep\u00e4evane t\u00f6\u00f6tuba Tartus)<\/p>\n\n\n\n<p><strong>23.03.2026 &#8211; 24.03.2026<\/strong> <a href=\"https:\/\/www.doktorikool.ee\/et\/uritused\/doktorandi-juhendamine-meetodid-ja-toovahendid-3\/\" data-type=\"link\" data-id=\"https:\/\/www.doktorikool.ee\/et\/uritused\/doktorandi-juhendamine-meetodid-ja-toovahendid-3\/\" target=\"_blank\" rel=\"noreferrer noopener\">Doktorandi juhendamine: meetodid ja t\u00f6\u00f6vahendid<\/a> (kahep\u00e4evane t\u00f6\u00f6tuba Tallinnas)<\/p>\n\n\n\n<p><strong>04.12.2025 \u2013 05.12.2025<\/strong>&nbsp;<a href=\"https:\/\/www.doktorikool.ee\/et\/uritused\/doktorandi-juhendamine-meetodid-ja-toovahendid-2\/\">Doktorandi juhendamine: meetodid ja t\u00f6\u00f6vahendid<\/a>&nbsp;(kahep\u00e4evane t\u00f6\u00f6tuba Tallinnas)<\/p>\n\n\n\n<p><strong>10.10.2025<\/strong>&nbsp;<a href=\"https:\/\/www.doktorikool.ee\/et\/uritused\/doktorandi-juhendamine-meetodid-ja-toovahendid\/\">Doktorandi juhendamine: meetodid ja t\u00f6\u00f6vahendid<\/a>&nbsp;(veebiseminar)<\/p>\n<\/div>\n<\/div>\n\n\n\n<p><\/p>\n","protected":false},"excerpt":{"rendered":"<p>Kohvihommikud\u202fon doktorantide\u202fjuhendajatele suunatud\u202fvaba \u00f5hustikuga kohtumised, mis annavad suurep\u00e4rase v\u00f5imaluse n\u00e4dala l\u00f5pus kohvitass k\u00e4tte v\u00f5tta, k\u00f5rvaklapid p\u00e4he panna ning kuulata inspireerivaid ja praktilisi n\u00f5uandeid oma ala spetsialistidelt. &nbsp; Iga kohtumine keskendub [&hellip;]<\/p>\n","protected":false},"author":2,"featured_media":0,"parent":0,"menu_order":0,"comment_status":"closed","ping_status":"closed","template":"","meta":{"inline_featured_image":false,"_EventAllDay":false,"_EventTimezone":"","_EventStartDate":"","_EventEndDate":"","_EventStartDateUTC":"","_EventEndDateUTC":"","_EventShowMap":false,"_EventShowMapLink":false,"_EventURL":"","_EventCost":"","_EventCostDescription":"","_EventCurrencySymbol":"","_EventCurrencyCode":"","_EventCurrencyPosition":"","_EventDateTimeSeparator":"","_EventTimeRangeSeparator":"","_EventOrganizerID":[],"_EventVenueID":[],"_OrganizerEmail":"","_OrganizerPhone":"","_OrganizerWebsite":"","_VenueAddress":"","_VenueCity":"","_VenueCountry":"","_VenueProvince":"","_VenueState":"","_VenueZip":"","_VenuePhone":"","_VenueURL":"","_VenueStateProvince":"","_VenueLat":"","_VenueLng":"","_VenueShowMap":false,"_VenueShowMapLink":false,"footnotes":""},"class_list":["post-3209","page","type-page","status-publish","hentry"],"_links":{"self":[{"href":"https:\/\/www.doktorikool.ee\/et\/wp-json\/wp\/v2\/pages\/3209","targetHints":{"allow":["GET"]}}],"collection":[{"href":"https:\/\/www.doktorikool.ee\/et\/wp-json\/wp\/v2\/pages"}],"about":[{"href":"https:\/\/www.doktorikool.ee\/et\/wp-json\/wp\/v2\/types\/page"}],"author":[{"embeddable":true,"href":"https:\/\/www.doktorikool.ee\/et\/wp-json\/wp\/v2\/users\/2"}],"replies":[{"embeddable":true,"href":"https:\/\/www.doktorikool.ee\/et\/wp-json\/wp\/v2\/comments?post=3209"}],"version-history":[{"count":31,"href":"https:\/\/www.doktorikool.ee\/et\/wp-json\/wp\/v2\/pages\/3209\/revisions"}],"predecessor-version":[{"id":4826,"href":"https:\/\/www.doktorikool.ee\/et\/wp-json\/wp\/v2\/pages\/3209\/revisions\/4826"}],"wp:attachment":[{"href":"https:\/\/www.doktorikool.ee\/et\/wp-json\/wp\/v2\/media?parent=3209"}],"curies":[{"name":"wp","href":"https:\/\/api.w.org\/{rel}","templated":true}]}}