{"id":5016,"date":"2026-05-08T14:09:35","date_gmt":"2026-05-08T11:09:35","guid":{"rendered":"https:\/\/www.doktorikool.ee\/?page_id=5016"},"modified":"2026-05-08T14:19:17","modified_gmt":"2026-05-08T11:19:17","slug":"koostoo","status":"publish","type":"page","link":"https:\/\/www.doktorikool.ee\/et\/tegevused\/koostoo\/","title":{"rendered":"Euroopa doktorantuuri p\u00e4ev"},"content":{"rendered":"\n<p>13. mail 2026 t\u00e4histatakse esmakordselt&nbsp;<strong>Euroopa doktorantuuri p\u00e4eva<\/strong>, millest on kavas kujundada iga-aastane s\u00fcndmus. P\u00e4eva eesm\u00e4rk on tuua esile doktorantuuri keskne roll teaduse tipptaseme, innovatsiooni ja \u00fchiskondliku arengu edendamisel.&nbsp;<\/p>\n\n\n\n<p>Algatuse eesm\u00e4rk on n\u00e4idata Euroopat kui noore teadlase jaoks atraktiivset teadus- ja karj\u00e4\u00e4rikeskkonda&nbsp;ning:&nbsp;<\/p>\n\n\n\n<ul class=\"wp-block-list\">\n<li>tutvustada&nbsp;<strong>doktorikraadiga<\/strong>&nbsp;inimeste&nbsp;mitmekesiseid karj\u00e4\u00e4riv\u00f5imalusi ja panust \u00fchiskonda,&nbsp;<\/li>\n<\/ul>\n\n\n\n<ul class=\"wp-block-list\">\n<li>innustada&nbsp;<strong>magistrante<\/strong>&nbsp;j\u00e4tkama oma karj\u00e4\u00e4rirada doktorantuuris,&nbsp;<\/li>\n<\/ul>\n\n\n\n<ul class=\"wp-block-list\">\n<li>t\u00f5sta&nbsp;<strong>t\u00f6\u00f6andjate<\/strong>&nbsp;teadlikkust doktorikraadi&nbsp;v\u00e4\u00e4rtusest&nbsp;ja doktorikraadiga t\u00f6\u00f6taja potentsiaalist.&nbsp;<\/li>\n<\/ul>\n\n\n\n<p>11.\u201317. maini toimuval&nbsp;teeman\u00e4dalal&nbsp;on k\u00f5ik doktorandid ja doktorikraadiga&nbsp;inimesed&nbsp;oodatud&nbsp;jagama sotsiaalmeedias oma kogemusi&nbsp;selle kohta,&nbsp;millist v\u00e4\u00e4rtust&nbsp;on&nbsp;doktorantuur neile pakkunud.&nbsp;Kajastamisel saab sotsiaalmeediakanalites kasutada teemaviiteid #EuropeanDoctoralDay ja #EuroopaDoktorantideP\u00e4ev.&nbsp;<\/p>\n\n\n\n<p>Eesti&nbsp;doktorikooli eestvedamisel&nbsp;postitatakse&nbsp;<a href=\"https:\/\/www.linkedin.com\/company\/estonian-doctoral-school\/posts\/?feedView=all\" target=\"_blank\" rel=\"noreferrer noopener\"><span style=\"text-decoration: underline;\">LinkedIN<\/span><\/a>-i iga p\u00e4ev \u00fcks video&nbsp;m\u00f5ne&nbsp;doktorandiga&nbsp;Eesti Maa\u00fclikoolist, Tallinna \u00dclikoolist, Tallinna Tehnika\u00fclikoolist, Eesti Kunstiakadeemiast, Eesti Muusika- ja Teatriakadeemiast, Estonian Business Schoolist&nbsp;v\u00f5i&nbsp;Tartu \u00dclikoolist.&nbsp;Videotes kirjeldavad doktorandid oma&nbsp;seniseid teadlast\u00f6\u00f6&nbsp;kogemusi.&nbsp;<\/p>\n\n\n\n<p><em>Tegevust viiakse l\u00e4bi Haridus- ja noorteprogrammi ja \u00dchtekuuluvuspoliitika fondide rakenduskava meetmete nimekirja meetme 21.4.4.2 &#8220;Hariduse, \u00fchiskonna ja t\u00f6\u00f6turu seosed&#8221; sekkumise &#8220;K\u00f5rghariduse kvaliteet, rahvusvahelistumine ja doktorikoolid&#8221; tegevuse &#8220;K\u00f5rghariduse kvaliteet ja rahvusvahelistumine&#8221; raames.<\/em><\/p>\n\n\n\n<figure class=\"wp-block-image size-full is-resized\"><img loading=\"lazy\" decoding=\"async\" width=\"1015\" height=\"587\" src=\"https:\/\/www.doktorikool.ee\/wp-content\/uploads\/2026\/04\/image-1.png\" alt=\"\" class=\"wp-image-5017\" style=\"aspect-ratio:1.7291689181886956;width:351px;height:auto\" srcset=\"https:\/\/www.doktorikool.ee\/wp-content\/uploads\/2026\/04\/image-1.png 1015w, https:\/\/www.doktorikool.ee\/wp-content\/uploads\/2026\/04\/image-1-300x173.png 300w, https:\/\/www.doktorikool.ee\/wp-content\/uploads\/2026\/04\/image-1-768x444.png 768w, https:\/\/www.doktorikool.ee\/wp-content\/uploads\/2026\/04\/image-1-18x10.png 18w\" sizes=\"auto, (max-width: 1015px) 100vw, 1015px\" \/><\/figure>\n\n\n\n<p><\/p>\n","protected":false},"excerpt":{"rendered":"<p>13. mail 2026 t\u00e4histatakse esmakordselt&nbsp;Euroopa doktorantuuri p\u00e4eva, millest on kavas kujundada iga-aastane s\u00fcndmus. P\u00e4eva eesm\u00e4rk on tuua esile doktorantuuri keskne roll teaduse tipptaseme, innovatsiooni ja \u00fchiskondliku arengu edendamisel.&nbsp; Algatuse eesm\u00e4rk [&hellip;]<\/p>\n","protected":false},"author":4,"featured_media":0,"parent":782,"menu_order":0,"comment_status":"closed","ping_status":"closed","template":"","meta":{"inline_featured_image":false,"_EventAllDay":false,"_EventTimezone":"","_EventStartDate":"","_EventEndDate":"","_EventStartDateUTC":"","_EventEndDateUTC":"","_EventShowMap":false,"_EventShowMapLink":false,"_EventURL":"","_EventCost":"","_EventCostDescription":"","_EventCurrencySymbol":"","_EventCurrencyCode":"","_EventCurrencyPosition":"","_EventDateTimeSeparator":"","_EventTimeRangeSeparator":"","_EventOrganizerID":[],"_EventVenueID":[],"_OrganizerEmail":"","_OrganizerPhone":"","_OrganizerWebsite":"","_VenueAddress":"","_VenueCity":"","_VenueCountry":"","_VenueProvince":"","_VenueState":"","_VenueZip":"","_VenuePhone":"","_VenueURL":"","_VenueStateProvince":"","_VenueLat":"","_VenueLng":"","_VenueShowMap":false,"_VenueShowMapLink":false,"footnotes":""},"class_list":["post-5016","page","type-page","status-publish","hentry"],"_links":{"self":[{"href":"https:\/\/www.doktorikool.ee\/et\/wp-json\/wp\/v2\/pages\/5016","targetHints":{"allow":["GET"]}}],"collection":[{"href":"https:\/\/www.doktorikool.ee\/et\/wp-json\/wp\/v2\/pages"}],"about":[{"href":"https:\/\/www.doktorikool.ee\/et\/wp-json\/wp\/v2\/types\/page"}],"author":[{"embeddable":true,"href":"https:\/\/www.doktorikool.ee\/et\/wp-json\/wp\/v2\/users\/4"}],"replies":[{"embeddable":true,"href":"https:\/\/www.doktorikool.ee\/et\/wp-json\/wp\/v2\/comments?post=5016"}],"version-history":[{"count":17,"href":"https:\/\/www.doktorikool.ee\/et\/wp-json\/wp\/v2\/pages\/5016\/revisions"}],"predecessor-version":[{"id":5206,"href":"https:\/\/www.doktorikool.ee\/et\/wp-json\/wp\/v2\/pages\/5016\/revisions\/5206"}],"up":[{"embeddable":true,"href":"https:\/\/www.doktorikool.ee\/et\/wp-json\/wp\/v2\/pages\/782"}],"wp:attachment":[{"href":"https:\/\/www.doktorikool.ee\/et\/wp-json\/wp\/v2\/media?parent=5016"}],"curies":[{"name":"wp","href":"https:\/\/api.w.org\/{rel}","templated":true}]}}