{"id":526,"date":"2024-08-30T16:35:40","date_gmt":"2024-08-30T13:35:40","guid":{"rendered":"https:\/\/www.doktorikool.ee\/?page_id=526"},"modified":"2024-09-09T09:52:35","modified_gmt":"2024-09-09T06:52:35","slug":"valdkondlikud-harud","status":"publish","type":"page","link":"https:\/\/www.doktorikool.ee\/et\/valdkondlikud-harud\/","title":{"rendered":"Valdkondlikud harud"},"content":{"rendered":"\n<div style=\"height:13px\" aria-hidden=\"true\" class=\"wp-block-spacer\"><\/div>\n\n\n\n<p>Doktorikoolis on kuus valdkondlikku haru, mille kaudu pakutakse \u00f5ppevaldkonnale kohaseid \u00f5piv\u00f5imalusi ja asjakohast tuge.<\/p>\n\n\n\n<figure class=\"wp-block-table is-style-regular\"><table class=\"has-border-color\" style=\"border-color:#e0deda59\"><tbody><tr><td class=\"has-text-align-left\" data-align=\"left\"><strong>Doktorikooli valdkondlikud harud<\/strong><\/td><td class=\"has-text-align-center\" data-align=\"center\"><strong>Juhtpartner<\/strong><\/td><td class=\"has-text-align-center\" data-align=\"center\"><strong>Partnerid<\/strong><\/td><\/tr><tr><td class=\"has-text-align-left\" data-align=\"left\">Matemaatika, arvutiteadus ja informaatika<\/td><td class=\"has-text-align-center\" data-align=\"center\">Tallinna Tehnika\u00fclikool<\/td><td class=\"has-text-align-center\" data-align=\"center\">Tartu \u00dclikool<br>Tallinna \u00dclikool<\/td><\/tr><tr><td class=\"has-text-align-left\" data-align=\"left\">Loodusteadused ja p\u00f5llumajandusteadused<\/td><td class=\"has-text-align-center\" data-align=\"center\">Tartu \u00dclikool<\/td><td class=\"has-text-align-center\" data-align=\"center\">Tallinna \u00dclikool<br>Tallinna Tehnika\u00fclikool<br>Eesti Maa\u00fclikool<\/td><\/tr><tr><td class=\"has-text-align-left\" data-align=\"left\">Tehnika ja tehnoloogia<\/td><td class=\"has-text-align-center\" data-align=\"center\">Tallinna Tehnika\u00fclikool<\/td><td class=\"has-text-align-center\" data-align=\"center\">Tartu \u00dclikool<br>Eesti Kunstiakadeemia<br>Eesti Maa\u00fclikool<\/td><\/tr><tr><td class=\"has-text-align-left\" data-align=\"left\">Arsti- ja terviseteadused, veterinaaria<\/td><td class=\"has-text-align-center\" data-align=\"center\">Tartu \u00dclikool<\/td><td class=\"has-text-align-center\" data-align=\"center\">Tallinna \u00dclikool<br>Tallinna Tehnika\u00fclikool<br>Eesti Maa\u00fclikool<\/td><\/tr><tr><td class=\"has-text-align-left\" data-align=\"left\">Sotsiaalteadused<\/td><td class=\"has-text-align-center\" data-align=\"center\">Tartu \u00dclikool<\/td><td class=\"has-text-align-center\" data-align=\"center\">Tallinna \u00dclikool<br>Tallinna Tehnika\u00fclikool<br>Estonian Business School<\/td><\/tr><tr><td class=\"has-text-align-left\" data-align=\"left\">Humanitaarteadused ja kunstid<\/td><td class=\"has-text-align-center\" data-align=\"center\">Tallinna \u00dclikool<\/td><td class=\"has-text-align-center\" data-align=\"center\">Tartu \u00dclikool<br>Eesti Kunstiakadeemia<br>Eesti Muusika- ja Teatriakadeemia<\/td><\/tr><\/tbody><\/table><\/figure>\n","protected":false},"excerpt":{"rendered":"<p>Doktorikoolis on kuus valdkondlikku haru, mille kaudu pakutakse \u00f5ppevaldkonnale kohaseid \u00f5piv\u00f5imalusi ja asjakohast tuge. Doktorikooli valdkondlikud harud Juhtpartner Partnerid Matemaatika, arvutiteadus ja informaatika Tallinna Tehnika\u00fclikool Tartu \u00dclikoolTallinna \u00dclikool Loodusteadused ja [&hellip;]<\/p>\n","protected":false},"author":1,"featured_media":0,"parent":0,"menu_order":0,"comment_status":"closed","ping_status":"closed","template":"","meta":{"inline_featured_image":false,"_EventAllDay":false,"_EventTimezone":"","_EventStartDate":"","_EventEndDate":"","_EventStartDateUTC":"","_EventEndDateUTC":"","_EventShowMap":false,"_EventShowMapLink":false,"_EventURL":"","_EventCost":"","_EventCostDescription":"","_EventCurrencySymbol":"","_EventCurrencyCode":"","_EventCurrencyPosition":"","_EventDateTimeSeparator":"","_EventTimeRangeSeparator":"","_EventOrganizerID":[],"_EventVenueID":[],"_OrganizerEmail":"","_OrganizerPhone":"","_OrganizerWebsite":"","_VenueAddress":"","_VenueCity":"","_VenueCountry":"","_VenueProvince":"","_VenueState":"","_VenueZip":"","_VenuePhone":"","_VenueURL":"","_VenueStateProvince":"","_VenueLat":"","_VenueLng":"","_VenueShowMap":false,"_VenueShowMapLink":false,"footnotes":""},"class_list":["post-526","page","type-page","status-publish","hentry"],"_links":{"self":[{"href":"https:\/\/www.doktorikool.ee\/et\/wp-json\/wp\/v2\/pages\/526","targetHints":{"allow":["GET"]}}],"collection":[{"href":"https:\/\/www.doktorikool.ee\/et\/wp-json\/wp\/v2\/pages"}],"about":[{"href":"https:\/\/www.doktorikool.ee\/et\/wp-json\/wp\/v2\/types\/page"}],"author":[{"embeddable":true,"href":"https:\/\/www.doktorikool.ee\/et\/wp-json\/wp\/v2\/users\/1"}],"replies":[{"embeddable":true,"href":"https:\/\/www.doktorikool.ee\/et\/wp-json\/wp\/v2\/comments?post=526"}],"version-history":[{"count":4,"href":"https:\/\/www.doktorikool.ee\/et\/wp-json\/wp\/v2\/pages\/526\/revisions"}],"predecessor-version":[{"id":843,"href":"https:\/\/www.doktorikool.ee\/et\/wp-json\/wp\/v2\/pages\/526\/revisions\/843"}],"wp:attachment":[{"href":"https:\/\/www.doktorikool.ee\/et\/wp-json\/wp\/v2\/media?parent=526"}],"curies":[{"name":"wp","href":"https:\/\/api.w.org\/{rel}","templated":true}]}}