{"id":693,"date":"2024-08-30T16:36:22","date_gmt":"2024-08-30T13:36:22","guid":{"rendered":"https:\/\/www.doktorikool.ee\/?page_id=693"},"modified":"2025-08-28T12:01:49","modified_gmt":"2025-08-28T09:01:49","slug":"arsti-ja-terviseteadused-veterinaaria","status":"publish","type":"page","link":"https:\/\/www.doktorikool.ee\/et\/valdkondlikud-harud\/arsti-ja-terviseteadused-veterinaaria\/","title":{"rendered":"Arsti- ja terviseteadused, veterinaaria"},"content":{"rendered":"\n<div style=\"height:7px\" aria-hidden=\"true\" class=\"wp-block-spacer\"><\/div>\n\n\n\n<p><strong>Doktorikooli arsti- ja terviseteaduste ning veterinaaria haru <\/strong>koondab doktori- ja edasij\u00f5udnud magistri\u00f5ppe tudengeid neljast Eesti \u00fclikoolist \u2013 Tartu \u00dclikoolist, Tallinna \u00dclikoolist, Tallinna Tehnika\u00fclikoolist ja Eesti Maa\u00fclikoolist.<\/p>\n\n\n\n<div class=\"wp-block-columns is-layout-flex wp-container-core-columns-is-layout-28f84493 wp-block-columns-is-layout-flex\">\n<div class=\"wp-block-column is-layout-flow wp-block-column-is-layout-flow\">\n<p>Meie eesm\u00e4rk on kasvatada teaduse taset ja siduda omavahel nii doktorandid kui ka nende juhendajad. Meie haru toetab doktorantide erialast ettevalmistust, \u00fcldp\u00e4devuste arendamist ja doktorit\u00f6\u00f6d. Samuti aitame kaasa \u00fclikoolide vahelise koost\u00f6\u00f6 ja rahvusvaheliste kontaktide arengule, tuues Eestisse eksperte ja avardades doktorantide akadeemilist silmaringi. Selleks korraldame kirjutamislaagreid, seminare, t\u00f6\u00f6tube, konverentse ja koolitusi. Oleme korraldanud nii inspireerivaid seminare nagu \u201eTehisintellekti v\u00f5imalused meditsiinis\u201c kui ka praktilisi teadusp\u00e4evasid, n\u00e4iteks \u201eDoktorandina teadusmaastikul: teadlik l\u00e4henemine\u201c.<\/p>\n<\/div>\n\n\n\n<div class=\"wp-block-column is-layout-flow wp-block-column-is-layout-flow\">\n<figure class=\"wp-block-image aligncenter size-large is-resized\"><img loading=\"lazy\" decoding=\"async\" width=\"1024\" height=\"683\" src=\"https:\/\/www.doktorikool.ee\/wp-content\/uploads\/2025\/04\/UT241010AT121-1024x683.jpg\" alt=\"\" class=\"wp-image-2772\" style=\"width:901px;height:auto\" srcset=\"https:\/\/www.doktorikool.ee\/wp-content\/uploads\/2025\/04\/UT241010AT121-1024x683.jpg 1024w, https:\/\/www.doktorikool.ee\/wp-content\/uploads\/2025\/04\/UT241010AT121-300x200.jpg 300w, https:\/\/www.doktorikool.ee\/wp-content\/uploads\/2025\/04\/UT241010AT121-768x512.jpg 768w, https:\/\/www.doktorikool.ee\/wp-content\/uploads\/2025\/04\/UT241010AT121-1536x1025.jpg 1536w, https:\/\/www.doktorikool.ee\/wp-content\/uploads\/2025\/04\/UT241010AT121-18x12.jpg 18w, https:\/\/www.doktorikool.ee\/wp-content\/uploads\/2025\/04\/UT241010AT121.jpg 2048w\" sizes=\"auto, (max-width: 1024px) 100vw, 1024px\" \/><figcaption class=\"wp-element-caption\"><em>Pildil Arstiteaduskonna Aastap\u00e4eva konverents 2024<\/em><\/figcaption><\/figure>\n<\/div>\n<\/div>\n\n\n\n<p class=\"has-text-align-left\"><strong>Valdkonna teadusn\u00f5ukogu<\/strong><\/p>\n\n\n\n<ul class=\"wp-block-list\">\n<li>Tartu \u00dclikool (juhtpartner) \u2013 Aavo Lang<\/li>\n\n\n\n<li>Tallinna \u00dclikool \u2013 Ruth Simmo, Aleksander Pulver<\/li>\n\n\n\n<li>Tallinna Tehnika\u00fclikool \u2013 Ivo Fridolin<\/li>\n\n\n\n<li>Eesti Maa\u00fclikool \u2013 Andres Valdmann, Julia Jeremejeva<\/li>\n<\/ul>\n\n\n\n<div style=\"height:325px\" aria-hidden=\"true\" class=\"wp-block-spacer\"><\/div>\n","protected":false},"excerpt":{"rendered":"<p>Doktorikooli arsti- ja terviseteaduste ning veterinaaria haru koondab doktori- ja edasij\u00f5udnud magistri\u00f5ppe tudengeid neljast Eesti \u00fclikoolist \u2013 Tartu \u00dclikoolist, Tallinna \u00dclikoolist, Tallinna Tehnika\u00fclikoolist ja Eesti Maa\u00fclikoolist. Meie eesm\u00e4rk on kasvatada [&hellip;]<\/p>\n","protected":false},"author":1,"featured_media":0,"parent":526,"menu_order":0,"comment_status":"closed","ping_status":"closed","template":"","meta":{"inline_featured_image":false,"_EventAllDay":false,"_EventTimezone":"","_EventStartDate":"","_EventEndDate":"","_EventStartDateUTC":"","_EventEndDateUTC":"","_EventShowMap":false,"_EventShowMapLink":false,"_EventURL":"","_EventCost":"","_EventCostDescription":"","_EventCurrencySymbol":"","_EventCurrencyCode":"","_EventCurrencyPosition":"","_EventDateTimeSeparator":"","_EventTimeRangeSeparator":"","_EventOrganizerID":[],"_EventVenueID":[],"_OrganizerEmail":"","_OrganizerPhone":"","_OrganizerWebsite":"","_VenueAddress":"","_VenueCity":"","_VenueCountry":"","_VenueProvince":"","_VenueState":"","_VenueZip":"","_VenuePhone":"","_VenueURL":"","_VenueStateProvince":"","_VenueLat":"","_VenueLng":"","_VenueShowMap":false,"_VenueShowMapLink":false,"footnotes":""},"class_list":["post-693","page","type-page","status-publish","hentry"],"_links":{"self":[{"href":"https:\/\/www.doktorikool.ee\/et\/wp-json\/wp\/v2\/pages\/693","targetHints":{"allow":["GET"]}}],"collection":[{"href":"https:\/\/www.doktorikool.ee\/et\/wp-json\/wp\/v2\/pages"}],"about":[{"href":"https:\/\/www.doktorikool.ee\/et\/wp-json\/wp\/v2\/types\/page"}],"author":[{"embeddable":true,"href":"https:\/\/www.doktorikool.ee\/et\/wp-json\/wp\/v2\/users\/1"}],"replies":[{"embeddable":true,"href":"https:\/\/www.doktorikool.ee\/et\/wp-json\/wp\/v2\/comments?post=693"}],"version-history":[{"count":18,"href":"https:\/\/www.doktorikool.ee\/et\/wp-json\/wp\/v2\/pages\/693\/revisions"}],"predecessor-version":[{"id":3372,"href":"https:\/\/www.doktorikool.ee\/et\/wp-json\/wp\/v2\/pages\/693\/revisions\/3372"}],"up":[{"embeddable":true,"href":"https:\/\/www.doktorikool.ee\/et\/wp-json\/wp\/v2\/pages\/526"}],"wp:attachment":[{"href":"https:\/\/www.doktorikool.ee\/et\/wp-json\/wp\/v2\/media?parent=693"}],"curies":[{"name":"wp","href":"https:\/\/api.w.org\/{rel}","templated":true}]}}