{"id":697,"date":"2024-08-30T16:35:57","date_gmt":"2024-08-30T13:35:57","guid":{"rendered":"https:\/\/www.doktorikool.ee\/?page_id=697"},"modified":"2025-05-07T16:12:24","modified_gmt":"2025-05-07T13:12:24","slug":"loodusteadused-ja-pollumajandusteadused","status":"publish","type":"page","link":"https:\/\/www.doktorikool.ee\/et\/valdkondlikud-harud\/loodusteadused-ja-pollumajandusteadused\/","title":{"rendered":"Loodusteadused ja p\u00f5llumajandusteadused"},"content":{"rendered":"\n<div style=\"height:13px\" aria-hidden=\"true\" class=\"wp-block-spacer\"><\/div>\n\n\n\n<p><strong>Doktorikooli loodusteaduste ja p\u00f5llumajandusteaduste haru<\/strong> \u00fchendab suuremat osa loodus- ja p\u00f5llumajandusteaduste doktorante ja edasij\u00f5udnud magistrante neljast Eesti \u00fclikoolist \u2013 Tartu \u00dclikoolist, Tallinna \u00dclikoolist, Tallinna Tehnika\u00fclikoolist ja Eesti Maa\u00fclikoolist.<\/p>\n\n\n\n<div class=\"wp-block-columns is-layout-flex wp-container-core-columns-is-layout-28f84493 wp-block-columns-is-layout-flex\">\n<div class=\"wp-block-column is-layout-flow wp-block-column-is-layout-flow\">\n<p>Haru eesm\u00e4rgiks on toetada harusse kuuluvate doktorantide eduka kaitsmiseni j\u00f5udmist l\u00e4bi \u00fcldp\u00e4devuste arendamise, erialase ettevalmistuse ja t\u00f6\u00f6 oma\u00a0doktorit\u00f6\u00f6ga. \u00dchtlasi aitab haru kaasa valdkonna\u00fclese suhtluse s\u00fcvendamisele, \u00fclikoolide vahelisele koost\u00f6\u00f6le ja juhendamiskvaliteedi t\u00f5stmisele. Selleks korraldatakse mitmesuguseid akadeemilisi \u00fcritusi, sh kirjutamislaagreid, konverentse, seminare, t\u00f6\u00f6tube ja koolitusi. Samuti panustab haru doktori\u00f5pingute rahvusvahelistumisse, n\u00e4iteks vahendades Eestisse rahvusvahelisi eksperte.<\/p>\n<\/div>\n\n\n\n<div class=\"wp-block-column is-layout-flow wp-block-column-is-layout-flow\">\n<figure class=\"wp-block-image size-large\"><img loading=\"lazy\" decoding=\"async\" width=\"1024\" height=\"683\" src=\"https:\/\/www.doktorikool.ee\/wp-content\/uploads\/2025\/04\/pold2-2-1024x683.jpg\" alt=\"\" class=\"wp-image-2906\" srcset=\"https:\/\/www.doktorikool.ee\/wp-content\/uploads\/2025\/04\/pold2-2-1024x683.jpg 1024w, https:\/\/www.doktorikool.ee\/wp-content\/uploads\/2025\/04\/pold2-2-300x200.jpg 300w, https:\/\/www.doktorikool.ee\/wp-content\/uploads\/2025\/04\/pold2-2-768x512.jpg 768w, https:\/\/www.doktorikool.ee\/wp-content\/uploads\/2025\/04\/pold2-2-1536x1024.jpg 1536w, https:\/\/www.doktorikool.ee\/wp-content\/uploads\/2025\/04\/pold2-2-2048x1365.jpg 2048w, https:\/\/www.doktorikool.ee\/wp-content\/uploads\/2025\/04\/pold2-2-18x12.jpg 18w\" sizes=\"auto, (max-width: 1024px) 100vw, 1024px\" \/><figcaption class=\"wp-element-caption\">Geenitehnoloogia talveseminar 2025<\/figcaption><\/figure>\n<\/div>\n<\/div>\n\n\n\n<p><strong><strong>Valdkonna teadusn\u00f5ukogu<\/strong>:<\/strong><\/p>\n\n\n\n<ul class=\"wp-block-list\">\n<li>Tartu \u00dclikool (juhtpartner) \u2013 Indrek J\u00f5gi, Alar Rosentau<\/li>\n\n\n\n<li>Tallinna \u00dclikool \u2013 Jaanus Terasmaa, Rando Tuvikene<\/li>\n\n\n\n<li>Tallinna Tehnika\u00fclikool \u2013 Maria Cecilia Sarmiento Guerin<\/li>\n\n\n\n<li>Eesti Maa\u00fclikool \u2013 Katri Ots, Eve Veromann, Karin Nurme (asendusliige)<\/li>\n<\/ul>\n\n\n\n<div style=\"height:100px\" aria-hidden=\"true\" class=\"wp-block-spacer\"><\/div>\n","protected":false},"excerpt":{"rendered":"<p>Doktorikooli loodusteaduste ja p\u00f5llumajandusteaduste haru \u00fchendab suuremat osa loodus- ja p\u00f5llumajandusteaduste doktorante ja edasij\u00f5udnud magistrante neljast Eesti \u00fclikoolist \u2013 Tartu \u00dclikoolist, Tallinna \u00dclikoolist, Tallinna Tehnika\u00fclikoolist ja Eesti Maa\u00fclikoolist. Haru eesm\u00e4rgiks [&hellip;]<\/p>\n","protected":false},"author":1,"featured_media":0,"parent":526,"menu_order":0,"comment_status":"closed","ping_status":"closed","template":"","meta":{"inline_featured_image":false,"_EventAllDay":false,"_EventTimezone":"","_EventStartDate":"","_EventEndDate":"","_EventStartDateUTC":"","_EventEndDateUTC":"","_EventShowMap":false,"_EventShowMapLink":false,"_EventURL":"","_EventCost":"","_EventCostDescription":"","_EventCurrencySymbol":"","_EventCurrencyCode":"","_EventCurrencyPosition":"","_EventDateTimeSeparator":"","_EventTimeRangeSeparator":"","_EventOrganizerID":[],"_EventVenueID":[],"_OrganizerEmail":"","_OrganizerPhone":"","_OrganizerWebsite":"","_VenueAddress":"","_VenueCity":"","_VenueCountry":"","_VenueProvince":"","_VenueState":"","_VenueZip":"","_VenuePhone":"","_VenueURL":"","_VenueStateProvince":"","_VenueLat":"","_VenueLng":"","_VenueShowMap":false,"_VenueShowMapLink":false,"footnotes":""},"class_list":["post-697","page","type-page","status-publish","hentry"],"_links":{"self":[{"href":"https:\/\/www.doktorikool.ee\/et\/wp-json\/wp\/v2\/pages\/697","targetHints":{"allow":["GET"]}}],"collection":[{"href":"https:\/\/www.doktorikool.ee\/et\/wp-json\/wp\/v2\/pages"}],"about":[{"href":"https:\/\/www.doktorikool.ee\/et\/wp-json\/wp\/v2\/types\/page"}],"author":[{"embeddable":true,"href":"https:\/\/www.doktorikool.ee\/et\/wp-json\/wp\/v2\/users\/1"}],"replies":[{"embeddable":true,"href":"https:\/\/www.doktorikool.ee\/et\/wp-json\/wp\/v2\/comments?post=697"}],"version-history":[{"count":11,"href":"https:\/\/www.doktorikool.ee\/et\/wp-json\/wp\/v2\/pages\/697\/revisions"}],"predecessor-version":[{"id":3067,"href":"https:\/\/www.doktorikool.ee\/et\/wp-json\/wp\/v2\/pages\/697\/revisions\/3067"}],"up":[{"embeddable":true,"href":"https:\/\/www.doktorikool.ee\/et\/wp-json\/wp\/v2\/pages\/526"}],"wp:attachment":[{"href":"https:\/\/www.doktorikool.ee\/et\/wp-json\/wp\/v2\/media?parent=697"}],"curies":[{"name":"wp","href":"https:\/\/api.w.org\/{rel}","templated":true}]}}