{"id":699,"date":"2024-08-30T16:36:07","date_gmt":"2024-08-30T13:36:07","guid":{"rendered":"https:\/\/www.doktorikool.ee\/?page_id=699"},"modified":"2025-05-07T16:04:51","modified_gmt":"2025-05-07T13:04:51","slug":"matemaatika-arvutiteadus-ja-informaatika","status":"publish","type":"page","link":"https:\/\/www.doktorikool.ee\/et\/valdkondlikud-harud\/matemaatika-arvutiteadus-ja-informaatika\/","title":{"rendered":"Matemaatika, arvutiteadus ja informaatika"},"content":{"rendered":"\n<div style=\"height:13px\" aria-hidden=\"true\" class=\"wp-block-spacer\"><\/div>\n\n\n\n<p class=\"has-text-align-left\"><strong>Doktorikooli matemaatika, arvutiteaduse ja informaatika haru <\/strong>\u00fchendab doktorandid ja edasij\u00f5udnud magistrandid, kelle teadusvaldkonnad on seotud matemaatika, arvutiteaduse, tehisintellekti, andmeteaduse, arvutitehnika ja informaatika eri valdkondadega. Haru esindavad Tallinna Tehnika\u00fclikool, Tartu \u00dclikool ja Tallinna \u00dclikool.<\/p>\n\n\n\n<div class=\"wp-block-columns is-layout-flex wp-container-core-columns-is-layout-28f84493 wp-block-columns-is-layout-flex\">\n<div class=\"wp-block-column is-layout-flow wp-block-column-is-layout-flow\">\n<p>Haru eesm\u00e4rgiks on toetada doktorantide teaduslikku arengut ja erialase ettevalmistuse s\u00fcvendamist, aidates kaasa teadusprojektide l\u00e4biviimisele, doktorit\u00f6\u00f6de koostamisele ja teaduskommunikatsiooni oskuste arendamisele. Samuti keskendutakse \u00fcldp\u00e4devuste arendamisele, sealhulgas anal\u00fc\u00fctilise m\u00f5tlemise ja keerukate probleemide lahendamise oskustele. Haru soodustab valdkondadevahelist koost\u00f6\u00f6d, akadeemilist suhtlust ning teadusv\u00f5rgustike loomist. Matemaatika, arvutiteaduse ja informaatika haru panustab Eesti teaduselu rahvusvahelistumisse, toetades rahvusvaheliste ekspertide kaasamist ja teaduskoost\u00f6\u00f6d globaalsete teadusv\u00f5rgustikega.<\/p>\n<\/div>\n\n\n\n<div class=\"wp-block-column is-layout-flow wp-block-column-is-layout-flow\">\n<figure class=\"wp-block-image size-large\"><img loading=\"lazy\" decoding=\"async\" width=\"1024\" height=\"682\" src=\"https:\/\/www.doktorikool.ee\/wp-content\/uploads\/2025\/04\/Unknown-1024x682.jpeg\" alt=\"\" class=\"wp-image-2774\" srcset=\"https:\/\/www.doktorikool.ee\/wp-content\/uploads\/2025\/04\/Unknown-1024x682.jpeg 1024w, https:\/\/www.doktorikool.ee\/wp-content\/uploads\/2025\/04\/Unknown-300x200.jpeg 300w, https:\/\/www.doktorikool.ee\/wp-content\/uploads\/2025\/04\/Unknown-768x512.jpeg 768w, https:\/\/www.doktorikool.ee\/wp-content\/uploads\/2025\/04\/Unknown-18x12.jpeg 18w, https:\/\/www.doktorikool.ee\/wp-content\/uploads\/2025\/04\/Unknown.jpeg 1121w\" sizes=\"auto, (max-width: 1024px) 100vw, 1024px\" \/><figcaption class=\"wp-element-caption\">LLM retriit doktorantidele ja juhendajatele 2024<\/figcaption><\/figure>\n<\/div>\n<\/div>\n\n\n\n<p><strong>Valdkonna teadusn\u00f5ukogu<\/strong><\/p>\n\n\n\n<ul class=\"wp-block-list\">\n<li>Tallinna Tehnika\u00fclikool (juhtpartner) \u2013 Pawel Maria Sobocinski, Jaan Kalda<\/li>\n\n\n\n<li>Tartu \u00dclikool \u2013 Johann Langemets<\/li>\n\n\n\n<li>Tallinna \u00dclikool \u2013 David Lamas, Mart Abel<\/li>\n<\/ul>\n\n\n\n<div style=\"height:52px\" aria-hidden=\"true\" class=\"wp-block-spacer\"><\/div>\n","protected":false},"excerpt":{"rendered":"<p>Doktorikooli matemaatika, arvutiteaduse ja informaatika haru \u00fchendab doktorandid ja edasij\u00f5udnud magistrandid, kelle teadusvaldkonnad on seotud matemaatika, arvutiteaduse, tehisintellekti, andmeteaduse, arvutitehnika ja informaatika eri valdkondadega. Haru esindavad Tallinna Tehnika\u00fclikool, Tartu \u00dclikool [&hellip;]<\/p>\n","protected":false},"author":1,"featured_media":0,"parent":526,"menu_order":0,"comment_status":"closed","ping_status":"closed","template":"","meta":{"inline_featured_image":false,"_EventAllDay":false,"_EventTimezone":"","_EventStartDate":"","_EventEndDate":"","_EventStartDateUTC":"","_EventEndDateUTC":"","_EventShowMap":false,"_EventShowMapLink":false,"_EventURL":"","_EventCost":"","_EventCostDescription":"","_EventCurrencySymbol":"","_EventCurrencyCode":"","_EventCurrencyPosition":"","_EventDateTimeSeparator":"","_EventTimeRangeSeparator":"","_EventOrganizerID":[],"_EventVenueID":[],"_OrganizerEmail":"","_OrganizerPhone":"","_OrganizerWebsite":"","_VenueAddress":"","_VenueCity":"","_VenueCountry":"","_VenueProvince":"","_VenueState":"","_VenueZip":"","_VenuePhone":"","_VenueURL":"","_VenueStateProvince":"","_VenueLat":"","_VenueLng":"","_VenueShowMap":false,"_VenueShowMapLink":false,"footnotes":""},"class_list":["post-699","page","type-page","status-publish","hentry"],"_links":{"self":[{"href":"https:\/\/www.doktorikool.ee\/et\/wp-json\/wp\/v2\/pages\/699","targetHints":{"allow":["GET"]}}],"collection":[{"href":"https:\/\/www.doktorikool.ee\/et\/wp-json\/wp\/v2\/pages"}],"about":[{"href":"https:\/\/www.doktorikool.ee\/et\/wp-json\/wp\/v2\/types\/page"}],"author":[{"embeddable":true,"href":"https:\/\/www.doktorikool.ee\/et\/wp-json\/wp\/v2\/users\/1"}],"replies":[{"embeddable":true,"href":"https:\/\/www.doktorikool.ee\/et\/wp-json\/wp\/v2\/comments?post=699"}],"version-history":[{"count":24,"href":"https:\/\/www.doktorikool.ee\/et\/wp-json\/wp\/v2\/pages\/699\/revisions"}],"predecessor-version":[{"id":3062,"href":"https:\/\/www.doktorikool.ee\/et\/wp-json\/wp\/v2\/pages\/699\/revisions\/3062"}],"up":[{"embeddable":true,"href":"https:\/\/www.doktorikool.ee\/et\/wp-json\/wp\/v2\/pages\/526"}],"wp:attachment":[{"href":"https:\/\/www.doktorikool.ee\/et\/wp-json\/wp\/v2\/media?parent=699"}],"curies":[{"name":"wp","href":"https:\/\/api.w.org\/{rel}","templated":true}]}}