{"id":703,"date":"2024-08-30T16:36:15","date_gmt":"2024-08-30T13:36:15","guid":{"rendered":"https:\/\/www.doktorikool.ee\/?page_id=703"},"modified":"2026-04-13T11:15:20","modified_gmt":"2026-04-13T08:15:20","slug":"tehnika-ja-tehnoloogia","status":"publish","type":"page","link":"https:\/\/www.doktorikool.ee\/et\/valdkondlikud-harud\/tehnika-ja-tehnoloogia\/","title":{"rendered":"Tehnika ja tehnoloogia"},"content":{"rendered":"\n<div style=\"height:13px\" aria-hidden=\"true\" class=\"wp-block-spacer\"><\/div>\n\n\n\n<p><strong>Doktorikooli tehnika ja tehnoloogia haru<\/strong> \u00fchendab doktorandid ja edasij\u00f5udnud magistrandid, kelle teadusvaldkonnad on seotud inseneriteaduste, tootmisprotsesside, mehhaanika, energiatehnoloogia, ehituse ja teiste tehnika- ning tehnoloogiate valdkondadega. Haru h\u00f5lmab teadlasi neljast Eesti \u00fclikoolist: Tallinna Tehnika\u00fclikoolist, Tartu \u00dclikoolist, Eesti Kunstiakadeemiast ja Eesti Maa\u00fclikoolist.<\/p>\n\n\n\n<div style=\"height:5px\" aria-hidden=\"true\" class=\"wp-block-spacer\"><\/div>\n\n\n\n<p>Haru eesm\u00e4rgiks on pakkuda tuge teaduslikus ja professionaalses arengus, toetades doktorantide erialast ettevalmistust, teadusprojektides osalemist ja doktorit\u00f6\u00f6de koostamist. Haru soodustab koost\u00f6\u00f6d valdkondade vahel, samuti akadeemilise suhtluse ja teadusv\u00f5rgustike loomist. Akadeemilised \u00fcritused, nagu seminarid, konverentsid, talvekoolid ja t\u00f6\u00f6toad, pakuvad doktorantidele v\u00f5imalusi oma teadust\u00f6\u00f6d arendada ja rahvusvahelises teadusv\u00f5rgustikus osaleda. Tehnika ja tehnoloogia haru panustab Eesti teaduselu rahvusvahelistumisse ja rahvusvaheliste ekspertide kaasamisse.<\/p>\n\n\n\n<div style=\"height:5px\" aria-hidden=\"true\" class=\"wp-block-spacer\"><\/div>\n\n\n\n<p><strong>Valdkonna teadusn\u00f5ukogu<\/strong><\/p>\n\n\n\n<ul class=\"wp-block-list\">\n<li>Tartu \u00dclikool \u2013 Tarmo Tamm<\/li>\n\n\n\n<li>Tallinna Tehnika\u00fclikool (juhtpartner) \u2013 Ivo Palu, Madis Ratassepp<\/li>\n\n\n\n<li>Eesti Kunstiakadeemia \u2013 Eik Hermann<\/li>\n\n\n\n<li>Eesti Maa\u00fclikool \u2013 Margus Arak, Alexander Ryabchikov, Aive Liibusk (asendusliige)<\/li>\n<\/ul>\n","protected":false},"excerpt":{"rendered":"<p>Doktorikooli tehnika ja tehnoloogia haru \u00fchendab doktorandid ja edasij\u00f5udnud magistrandid, kelle teadusvaldkonnad on seotud inseneriteaduste, tootmisprotsesside, mehhaanika, energiatehnoloogia, ehituse ja teiste tehnika- ning tehnoloogiate valdkondadega. Haru h\u00f5lmab teadlasi neljast Eesti [&hellip;]<\/p>\n","protected":false},"author":1,"featured_media":0,"parent":526,"menu_order":0,"comment_status":"closed","ping_status":"closed","template":"","meta":{"inline_featured_image":false,"_EventAllDay":false,"_EventTimezone":"","_EventStartDate":"","_EventEndDate":"","_EventStartDateUTC":"","_EventEndDateUTC":"","_EventShowMap":false,"_EventShowMapLink":false,"_EventURL":"","_EventCost":"","_EventCostDescription":"","_EventCurrencySymbol":"","_EventCurrencyCode":"","_EventCurrencyPosition":"","_EventDateTimeSeparator":"","_EventTimeRangeSeparator":"","_EventOrganizerID":[],"_EventVenueID":[],"_OrganizerEmail":"","_OrganizerPhone":"","_OrganizerWebsite":"","_VenueAddress":"","_VenueCity":"","_VenueCountry":"","_VenueProvince":"","_VenueState":"","_VenueZip":"","_VenuePhone":"","_VenueURL":"","_VenueStateProvince":"","_VenueLat":"","_VenueLng":"","_VenueShowMap":false,"_VenueShowMapLink":false,"footnotes":""},"class_list":["post-703","page","type-page","status-publish","hentry"],"_links":{"self":[{"href":"https:\/\/www.doktorikool.ee\/et\/wp-json\/wp\/v2\/pages\/703","targetHints":{"allow":["GET"]}}],"collection":[{"href":"https:\/\/www.doktorikool.ee\/et\/wp-json\/wp\/v2\/pages"}],"about":[{"href":"https:\/\/www.doktorikool.ee\/et\/wp-json\/wp\/v2\/types\/page"}],"author":[{"embeddable":true,"href":"https:\/\/www.doktorikool.ee\/et\/wp-json\/wp\/v2\/users\/1"}],"replies":[{"embeddable":true,"href":"https:\/\/www.doktorikool.ee\/et\/wp-json\/wp\/v2\/comments?post=703"}],"version-history":[{"count":12,"href":"https:\/\/www.doktorikool.ee\/et\/wp-json\/wp\/v2\/pages\/703\/revisions"}],"predecessor-version":[{"id":4945,"href":"https:\/\/www.doktorikool.ee\/et\/wp-json\/wp\/v2\/pages\/703\/revisions\/4945"}],"up":[{"embeddable":true,"href":"https:\/\/www.doktorikool.ee\/et\/wp-json\/wp\/v2\/pages\/526"}],"wp:attachment":[{"href":"https:\/\/www.doktorikool.ee\/et\/wp-json\/wp\/v2\/media?parent=703"}],"curies":[{"name":"wp","href":"https:\/\/api.w.org\/{rel}","templated":true}]}}