{"id":83,"date":"2024-01-22T12:31:16","date_gmt":"2024-01-22T12:31:16","guid":{"rendered":"https:\/\/www.doktorikool.ee\/?page_id=83"},"modified":"2024-11-21T09:59:24","modified_gmt":"2024-11-21T07:59:24","slug":"doktorikoolist","status":"publish","type":"page","link":"https:\/\/www.doktorikool.ee\/et\/doktorikoolist\/","title":{"rendered":"Doktorikoolist"},"content":{"rendered":"\n<div style=\"height:13px\" aria-hidden=\"true\" class=\"wp-block-spacer\"><\/div>\n\n\n\n<div class=\"wp-block-columns is-layout-flex wp-container-core-columns-is-layout-28f84493 wp-block-columns-is-layout-flex\">\n<div class=\"wp-block-column is-layout-flow wp-block-column-is-layout-flow\" style=\"flex-basis:100%\">\n<p>Eesti doktorikool alustas oma tegevust jaanuaris 2024 ja projekti l\u00f5ppt\u00e4htaeg on 31. august 2029. Selle kogueelarve on seitse miljonit eurot, mis kaetakse Eesti riigi ja Euroopa Sotsiaalfondi eelarvest.<\/p>\n\n\n\n<p>Toetuse andmise eesm\u00e4rk on doktori\u00f5ppe kvaliteedi edendamine Eesti \u00fclikoolide koost\u00f6\u00f6s, sh toetades teaduskontaktide loomist interdistsiplinaarse ja rahvusvahelise koost\u00f6\u00f6 ning kogemuse vahetamise kaudu.<\/p>\n\n\n\n<p>Tegevuse elluviimise tulemuseks on doktorantide k\u00f5rge rahulolu doktorikooli \u00fcritustega. Lisaks on suurenenud doktorikooli tegevustes osalenud v\u00e4lisekspertide ja \u2013juhendajate arv ning \u00fclikoolide \u00fcleste \u00fchistegevuste arv.<\/p>\n\n\n\n<p>Doktorikooli projekti elluviija on Tartu \u00dclikool, partnerid Eesti Kunstiakadeemia, Eesti Maa\u00fclikool, Eesti Muusika- ja Teatriakadeemia, Estonian Business School, Tallinna Tehnika\u00fclikool ja Tallinna \u00dclikool. Doktorikooli juhivad \u00fclikoolide teadusprorektorid.&nbsp;<\/p>\n\n\n\n<p>Doktorikoolis on kuus valdkondlikku haru, mille kaudu pakutakse \u00f5ppevaldkonnale kohaseid \u00f5piv\u00f5imalusi ja asjakohast tuge.<\/p>\n<\/div>\n\n\n\n<div class=\"wp-block-column is-layout-flow wp-block-column-is-layout-flow\" style=\"flex-basis:40%\">\n<figure class=\"wp-block-image size-full is-resized\"><img loading=\"lazy\" decoding=\"async\" width=\"750\" height=\"1024\" src=\"https:\/\/www.doktorikool.ee\/wp-content\/uploads\/2024\/08\/WinterSchool-181_uus-750x1024-1.jpg\" alt=\"\" class=\"wp-image-775\" style=\"width:309px;height:auto\" srcset=\"https:\/\/www.doktorikool.ee\/wp-content\/uploads\/2024\/08\/WinterSchool-181_uus-750x1024-1.jpg 750w, https:\/\/www.doktorikool.ee\/wp-content\/uploads\/2024\/08\/WinterSchool-181_uus-750x1024-1-220x300.jpg 220w, https:\/\/www.doktorikool.ee\/wp-content\/uploads\/2024\/08\/WinterSchool-181_uus-750x1024-1-9x12.jpg 9w\" sizes=\"auto, (max-width: 750px) 100vw, 750px\" \/><\/figure>\n<\/div>\n<\/div>\n\n\n\n<figure class=\"wp-block-table is-style-regular\"><table class=\"has-border-color\" style=\"border-color:#e0deda59\"><tbody><tr><td class=\"has-text-align-left\" data-align=\"left\"><strong>Doktorikooli valdkondlikud harud<\/strong><\/td><td class=\"has-text-align-center\" data-align=\"center\"><strong>Juhtpartner<\/strong><\/td><td class=\"has-text-align-center\" data-align=\"center\"><strong>Partnerid<\/strong><\/td><\/tr><tr><td class=\"has-text-align-left\" data-align=\"left\">Matemaatika, arvutiteadus ja informaatika<\/td><td class=\"has-text-align-center\" data-align=\"center\">Tallinna Tehnika\u00fclikool<\/td><td class=\"has-text-align-center\" data-align=\"center\">Tartu \u00dclikool<br>Tallinna \u00dclikool<\/td><\/tr><tr><td class=\"has-text-align-left\" data-align=\"left\">Loodusteadused ja p\u00f5llumajandusteadused<\/td><td class=\"has-text-align-center\" data-align=\"center\">Tartu \u00dclikool<\/td><td class=\"has-text-align-center\" data-align=\"center\">Tallinna \u00dclikool<br>Tallinna Tehnika\u00fclikool<br>Eesti Maa\u00fclikool<\/td><\/tr><tr><td class=\"has-text-align-left\" data-align=\"left\">Tehnika ja tehnoloogia<\/td><td class=\"has-text-align-center\" data-align=\"center\">Tallinna Tehnika\u00fclikool<\/td><td class=\"has-text-align-center\" data-align=\"center\">Tartu \u00dclikool<br>Eesti Kunstiakadeemia<br>Eesti Maa\u00fclikool<\/td><\/tr><tr><td class=\"has-text-align-left\" data-align=\"left\">Arsti- ja terviseteadused, veterinaaria<\/td><td class=\"has-text-align-center\" data-align=\"center\">Tartu \u00dclikool<\/td><td class=\"has-text-align-center\" data-align=\"center\">Tallinna \u00dclikool<br>Tallinna Tehnika\u00fclikool<br>Eesti Maa\u00fclikool<\/td><\/tr><tr><td class=\"has-text-align-left\" data-align=\"left\">Sotsiaalteadused<\/td><td class=\"has-text-align-center\" data-align=\"center\">Tartu \u00dclikool<\/td><td class=\"has-text-align-center\" data-align=\"center\">Tallinna \u00dclikool<br>Tallinna Tehnika\u00fclikool<br>Estonian Business School<\/td><\/tr><tr><td class=\"has-text-align-left\" data-align=\"left\">Humanitaarteadused ja kunstid<\/td><td class=\"has-text-align-center\" data-align=\"center\">Tallinna \u00dclikool<\/td><td class=\"has-text-align-center\" data-align=\"center\">Tartu \u00dclikool<br>Eesti Kunstiakadeemia<br>Eesti Muusika- ja Teatriakadeemia<\/td><\/tr><\/tbody><\/table><\/figure>\n\n\n\n<div style=\"height:23px\" aria-hidden=\"true\" class=\"wp-block-spacer\"><\/div>\n","protected":false},"excerpt":{"rendered":"<p>Eesti doktorikool alustas oma tegevust jaanuaris 2024 ja projekti l\u00f5ppt\u00e4htaeg on 31. august 2029. Selle kogueelarve on seitse miljonit eurot, mis kaetakse Eesti riigi ja Euroopa Sotsiaalfondi eelarvest. Toetuse andmise [&hellip;]<\/p>\n","protected":false},"author":1,"featured_media":0,"parent":0,"menu_order":0,"comment_status":"closed","ping_status":"closed","template":"","meta":{"inline_featured_image":false,"_EventAllDay":false,"_EventTimezone":"","_EventStartDate":"","_EventEndDate":"","_EventStartDateUTC":"","_EventEndDateUTC":"","_EventShowMap":false,"_EventShowMapLink":false,"_EventURL":"","_EventCost":"","_EventCostDescription":"","_EventCurrencySymbol":"","_EventCurrencyCode":"","_EventCurrencyPosition":"","_EventDateTimeSeparator":"","_EventTimeRangeSeparator":"","_EventOrganizerID":[],"_EventVenueID":[],"_OrganizerEmail":"","_OrganizerPhone":"","_OrganizerWebsite":"","_VenueAddress":"","_VenueCity":"","_VenueCountry":"","_VenueProvince":"","_VenueState":"","_VenueZip":"","_VenuePhone":"","_VenueURL":"","_VenueStateProvince":"","_VenueLat":"","_VenueLng":"","_VenueShowMap":false,"_VenueShowMapLink":false,"footnotes":""},"class_list":["post-83","page","type-page","status-publish","hentry"],"_links":{"self":[{"href":"https:\/\/www.doktorikool.ee\/et\/wp-json\/wp\/v2\/pages\/83","targetHints":{"allow":["GET"]}}],"collection":[{"href":"https:\/\/www.doktorikool.ee\/et\/wp-json\/wp\/v2\/pages"}],"about":[{"href":"https:\/\/www.doktorikool.ee\/et\/wp-json\/wp\/v2\/types\/page"}],"author":[{"embeddable":true,"href":"https:\/\/www.doktorikool.ee\/et\/wp-json\/wp\/v2\/users\/1"}],"replies":[{"embeddable":true,"href":"https:\/\/www.doktorikool.ee\/et\/wp-json\/wp\/v2\/comments?post=83"}],"version-history":[{"count":31,"href":"https:\/\/www.doktorikool.ee\/et\/wp-json\/wp\/v2\/pages\/83\/revisions"}],"predecessor-version":[{"id":2480,"href":"https:\/\/www.doktorikool.ee\/et\/wp-json\/wp\/v2\/pages\/83\/revisions\/2480"}],"wp:attachment":[{"href":"https:\/\/www.doktorikool.ee\/et\/wp-json\/wp\/v2\/media?parent=83"}],"curies":[{"name":"wp","href":"https:\/\/api.w.org\/{rel}","templated":true}]}}